{"id":3381,"date":"2023-03-31T13:44:25","date_gmt":"2023-03-31T11:44:25","guid":{"rendered":"https:\/\/campinggranada.es\/?page_id=3381"},"modified":"2023-03-31T13:44:25","modified_gmt":"2023-03-31T11:44:25","slug":"empfehlung-um-zum-campingplatz-zu-gelangen","status":"publish","type":"page","link":"https:\/\/campinggranada.es\/de\/empfehlung-um-zum-campingplatz-zu-gelangen\/","title":{"rendered":"EMPFEHLUNG Um zum Campingplatz zu gelangen"},"content":{"rendered":"<p>Speziell f\u00fcr Kunden, die von Guadix kommen. (Erfahrungen anderer Kunden)<\/p>\n<p>-Wenn Sie mit Ihrem Handy (konfiguriert f\u00fcr unbefestigte Stra\u00dfen) oder mit Google von der A-92 kommen, nehmen Sie den k\u00fcrzesten Weg, Ausfahrt 245.<\/p>\n<p>&nbsp; &nbsp; &nbsp; &nbsp; &nbsp; &nbsp; &nbsp; &nbsp; &nbsp; &nbsp; &nbsp; &nbsp; &nbsp; &nbsp; &nbsp; &nbsp; &nbsp; &nbsp; &nbsp; &nbsp; &nbsp; &nbsp; &nbsp; &nbsp; &nbsp; &nbsp; &nbsp; &nbsp; &nbsp; &nbsp; &nbsp; &nbsp; &nbsp; TUN SIE ES NICHT!<\/p>\n<p>Es ist eine Zufahrtsstra\u00dfe f\u00fcr Traktoren mit Schotter und sehr steilen H\u00e4ngen oder f\u00fchrt sie im besten Fall in den oberen Teil der Stadt, um die gleiche Zufahrtsstra\u00dfe zu suchen<\/p>\n<p>WIR EMPFEHLEN, der A-92 bis zur Kreuzung mit der GR-30 in Richtung Granada zu folgen und die Ausfahrt 4 nach Monteluz oder die Ausfahrt 5 in Richtung Stadt zu nehmen.<\/p>\n","protected":false},"excerpt":{"rendered":"<p>Speziell f\u00fcr Kunden, die von Guadix kommen. (Erfahrungen anderer Kunden) -Wenn Sie mit Ihrem Handy (konfiguriert f\u00fcr unbefestigte Stra\u00dfen) oder mit Google von der A-92 kommen, nehmen Sie den k\u00fcrzesten Weg, Ausfahrt 245. &nbsp; &nbsp; &nbsp; &nbsp; &nbsp; &nbsp; &nbsp; &nbsp; &nbsp; &nbsp; &nbsp; &nbsp; &nbsp; &nbsp; &nbsp; &nbsp; &nbsp; &nbsp; &nbsp; &nbsp; &nbsp; &nbsp; [&hellip;]<\/p>\n","protected":false},"author":2,"featured_media":0,"parent":0,"menu_order":0,"comment_status":"closed","ping_status":"closed","template":"","meta":{"ngg_post_thumbnail":0,"footnotes":""},"class_list":["post-3381","page","type-page","status-publish","hentry"],"_links":{"self":[{"href":"https:\/\/campinggranada.es\/de\/wp-json\/wp\/v2\/pages\/3381","targetHints":{"allow":["GET"]}}],"collection":[{"href":"https:\/\/campinggranada.es\/de\/wp-json\/wp\/v2\/pages"}],"about":[{"href":"https:\/\/campinggranada.es\/de\/wp-json\/wp\/v2\/types\/page"}],"author":[{"embeddable":true,"href":"https:\/\/campinggranada.es\/de\/wp-json\/wp\/v2\/users\/2"}],"replies":[{"embeddable":true,"href":"https:\/\/campinggranada.es\/de\/wp-json\/wp\/v2\/comments?post=3381"}],"version-history":[{"count":1,"href":"https:\/\/campinggranada.es\/de\/wp-json\/wp\/v2\/pages\/3381\/revisions"}],"predecessor-version":[{"id":3382,"href":"https:\/\/campinggranada.es\/de\/wp-json\/wp\/v2\/pages\/3381\/revisions\/3382"}],"wp:attachment":[{"href":"https:\/\/campinggranada.es\/de\/wp-json\/wp\/v2\/media?parent=3381"}],"curies":[{"name":"wp","href":"https:\/\/api.w.org\/{rel}","templated":true}]}}