{"id":534,"date":"2018-03-21T10:53:30","date_gmt":"2018-03-21T10:53:30","guid":{"rendered":"http:\/\/campinggranada.es\/?page_id=534"},"modified":"2018-03-21T10:53:30","modified_gmt":"2018-03-21T10:53:30","slug":"dienstleistungen","status":"publish","type":"page","link":"https:\/\/campinggranada.es\/de\/dienstleistungen\/","title":{"rendered":"Dienstleistungen"},"content":{"rendered":"<h2><span id=\"selectedText-de\" class=\"ng-binding\">Lage<\/span><\/h2>\n<p>Nur 1,5 km haben wir den n\u00e4chsten Ballungsraum, gefahren, eine Stadt nur 5 km von den sch\u00f6nsten Orten der Hauptstadt Granada, einschlie\u00dflich:<\/p>\n<ul>\n<li>Die Alhambra und der Generalife<\/li>\n<li>Die Albaicin und Sacromonte,<\/li>\n<li>Die Kathedrale und die K\u00f6nigliche Kapelle<\/li>\n<li>Die arabischen B\u00e4der<\/li>\n<li>Weing\u00fcter und historische Pubs, in denen Sie eine gro\u00dfe Auswahl an Tapas mit Zutaten aus der Region probieren k\u00f6nnen, etc<\/li>\n<\/ul>\n<p>&nbsp;<\/p>\n<p>&nbsp;<\/p>\n","protected":false},"excerpt":{"rendered":"<p>Lage Nur 1,5 km haben wir den n\u00e4chsten Ballungsraum, gefahren, eine Stadt nur 5 km von den sch\u00f6nsten Orten der Hauptstadt Granada, einschlie\u00dflich: Die Alhambra und der Generalife Die Albaicin und Sacromonte, Die Kathedrale und die K\u00f6nigliche Kapelle Die arabischen B\u00e4der Weing\u00fcter und historische Pubs, in denen Sie eine gro\u00dfe Auswahl an Tapas mit Zutaten [&hellip;]<\/p>\n","protected":false},"author":1,"featured_media":0,"parent":0,"menu_order":0,"comment_status":"closed","ping_status":"closed","template":"page-servicios.php","meta":{"ngg_post_thumbnail":0,"footnotes":""},"class_list":["post-534","page","type-page","status-publish","hentry"],"yoast_head":"<!-- This site is optimized with the Yoast SEO plugin v25.7 - https:\/\/yoast.com\/wordpress\/plugins\/seo\/ -->\n<title>Dienstleistungen - Camping Granada<\/title>\n<meta name=\"robots\" content=\"index, follow, max-snippet:-1, max-image-preview:large, max-video-preview:-1\" \/>\n<link rel=\"canonical\" href=\"https:\/\/campinggranada.es\/de\/dienstleistungen\/\" \/>\n<meta property=\"og:locale\" content=\"de_DE\" \/>\n<meta property=\"og:type\" content=\"article\" \/>\n<meta property=\"og:title\" content=\"Dienstleistungen - Camping Granada\" \/>\n<meta property=\"og:description\" content=\"Lage Nur 1,5 km haben wir den n\u00e4chsten Ballungsraum, gefahren, eine Stadt nur 5 km von den sch\u00f6nsten Orten der Hauptstadt Granada, einschlie\u00dflich: Die Alhambra und der Generalife Die Albaicin und Sacromonte, Die Kathedrale und die K\u00f6nigliche Kapelle Die arabischen B\u00e4der Weing\u00fcter und historische Pubs, in denen Sie eine gro\u00dfe Auswahl an Tapas mit Zutaten [&hellip;]\" \/>\n<meta property=\"og:url\" content=\"https:\/\/campinggranada.es\/de\/dienstleistungen\/\" \/>\n<meta property=\"og:site_name\" content=\"Camping Granada\" \/>\n<meta name=\"twitter:card\" content=\"summary_large_image\" \/>\n<script type=\"application\/ld+json\" class=\"yoast-schema-graph\">{\"@context\":\"https:\/\/schema.org\",\"@graph\":[{\"@type\":\"WebPage\",\"@id\":\"https:\/\/campinggranada.es\/de\/dienstleistungen\/\",\"url\":\"https:\/\/campinggranada.es\/de\/dienstleistungen\/\",\"name\":\"Dienstleistungen - Camping Granada\",\"isPartOf\":{\"@id\":\"https:\/\/campinggranada.es\/de\/#website\"},\"datePublished\":\"2018-03-21T10:53:30+00:00\",\"breadcrumb\":{\"@id\":\"https:\/\/campinggranada.es\/de\/dienstleistungen\/#breadcrumb\"},\"inLanguage\":\"de\",\"potentialAction\":[{\"@type\":\"ReadAction\",\"target\":[\"https:\/\/campinggranada.es\/de\/dienstleistungen\/\"]}]},{\"@type\":\"BreadcrumbList\",\"@id\":\"https:\/\/campinggranada.es\/de\/dienstleistungen\/#breadcrumb\",\"itemListElement\":[{\"@type\":\"ListItem\",\"position\":1,\"name\":\"Portada\",\"item\":\"https:\/\/campinggranada.es\/de\/\"},{\"@type\":\"ListItem\",\"position\":2,\"name\":\"Dienstleistungen\"}]},{\"@type\":\"WebSite\",\"@id\":\"https:\/\/campinggranada.es\/de\/#website\",\"url\":\"https:\/\/campinggranada.es\/de\/\",\"name\":\"Camping Granada\",\"description\":\"Camping en Granada\",\"publisher\":{\"@id\":\"https:\/\/campinggranada.es\/de\/#organization\"},\"potentialAction\":[{\"@type\":\"SearchAction\",\"target\":{\"@type\":\"EntryPoint\",\"urlTemplate\":\"https:\/\/campinggranada.es\/de\/?s={search_term_string}\"},\"query-input\":{\"@type\":\"PropertyValueSpecification\",\"valueRequired\":true,\"valueName\":\"search_term_string\"}}],\"inLanguage\":\"de\"},{\"@type\":\"Organization\",\"@id\":\"https:\/\/campinggranada.es\/de\/#organization\",\"name\":\"Camping Granada\",\"url\":\"https:\/\/campinggranada.es\/de\/\",\"logo\":{\"@type\":\"ImageObject\",\"inLanguage\":\"de\",\"@id\":\"https:\/\/campinggranada.es\/de\/#\/schema\/logo\/image\/\",\"url\":\"https:\/\/campinggranada.es\/wp-content\/uploads\/2018\/03\/logo-login.png\",\"contentUrl\":\"https:\/\/campinggranada.es\/wp-content\/uploads\/2018\/03\/logo-login.png\",\"width\":613,\"height\":613,\"caption\":\"Camping Granada\"},\"image\":{\"@id\":\"https:\/\/campinggranada.es\/de\/#\/schema\/logo\/image\/\"}}]}<\/script>\n<!-- \/ Yoast SEO plugin. -->","yoast_head_json":{"title":"Dienstleistungen - Camping Granada","robots":{"index":"index","follow":"follow","max-snippet":"max-snippet:-1","max-image-preview":"max-image-preview:large","max-video-preview":"max-video-preview:-1"},"canonical":"https:\/\/campinggranada.es\/de\/dienstleistungen\/","og_locale":"de_DE","og_type":"article","og_title":"Dienstleistungen - Camping Granada","og_description":"Lage Nur 1,5 km haben wir den n\u00e4chsten Ballungsraum, gefahren, eine Stadt nur 5 km von den sch\u00f6nsten Orten der Hauptstadt Granada, einschlie\u00dflich: Die Alhambra und der Generalife Die Albaicin und Sacromonte, Die Kathedrale und die K\u00f6nigliche Kapelle Die arabischen B\u00e4der Weing\u00fcter und historische Pubs, in denen Sie eine gro\u00dfe Auswahl an Tapas mit Zutaten [&hellip;]","og_url":"https:\/\/campinggranada.es\/de\/dienstleistungen\/","og_site_name":"Camping Granada","twitter_card":"summary_large_image","schema":{"@context":"https:\/\/schema.org","@graph":[{"@type":"WebPage","@id":"https:\/\/campinggranada.es\/de\/dienstleistungen\/","url":"https:\/\/campinggranada.es\/de\/dienstleistungen\/","name":"Dienstleistungen - Camping Granada","isPartOf":{"@id":"https:\/\/campinggranada.es\/de\/#website"},"datePublished":"2018-03-21T10:53:30+00:00","breadcrumb":{"@id":"https:\/\/campinggranada.es\/de\/dienstleistungen\/#breadcrumb"},"inLanguage":"de","potentialAction":[{"@type":"ReadAction","target":["https:\/\/campinggranada.es\/de\/dienstleistungen\/"]}]},{"@type":"BreadcrumbList","@id":"https:\/\/campinggranada.es\/de\/dienstleistungen\/#breadcrumb","itemListElement":[{"@type":"ListItem","position":1,"name":"Portada","item":"https:\/\/campinggranada.es\/de\/"},{"@type":"ListItem","position":2,"name":"Dienstleistungen"}]},{"@type":"WebSite","@id":"https:\/\/campinggranada.es\/de\/#website","url":"https:\/\/campinggranada.es\/de\/","name":"Camping Granada","description":"Camping en Granada","publisher":{"@id":"https:\/\/campinggranada.es\/de\/#organization"},"potentialAction":[{"@type":"SearchAction","target":{"@type":"EntryPoint","urlTemplate":"https:\/\/campinggranada.es\/de\/?s={search_term_string}"},"query-input":{"@type":"PropertyValueSpecification","valueRequired":true,"valueName":"search_term_string"}}],"inLanguage":"de"},{"@type":"Organization","@id":"https:\/\/campinggranada.es\/de\/#organization","name":"Camping Granada","url":"https:\/\/campinggranada.es\/de\/","logo":{"@type":"ImageObject","inLanguage":"de","@id":"https:\/\/campinggranada.es\/de\/#\/schema\/logo\/image\/","url":"https:\/\/campinggranada.es\/wp-content\/uploads\/2018\/03\/logo-login.png","contentUrl":"https:\/\/campinggranada.es\/wp-content\/uploads\/2018\/03\/logo-login.png","width":613,"height":613,"caption":"Camping Granada"},"image":{"@id":"https:\/\/campinggranada.es\/de\/#\/schema\/logo\/image\/"}}]}},"_links":{"self":[{"href":"https:\/\/campinggranada.es\/de\/wp-json\/wp\/v2\/pages\/534","targetHints":{"allow":["GET"]}}],"collection":[{"href":"https:\/\/campinggranada.es\/de\/wp-json\/wp\/v2\/pages"}],"about":[{"href":"https:\/\/campinggranada.es\/de\/wp-json\/wp\/v2\/types\/page"}],"author":[{"embeddable":true,"href":"https:\/\/campinggranada.es\/de\/wp-json\/wp\/v2\/users\/1"}],"replies":[{"embeddable":true,"href":"https:\/\/campinggranada.es\/de\/wp-json\/wp\/v2\/comments?post=534"}],"version-history":[{"count":1,"href":"https:\/\/campinggranada.es\/de\/wp-json\/wp\/v2\/pages\/534\/revisions"}],"predecessor-version":[{"id":535,"href":"https:\/\/campinggranada.es\/de\/wp-json\/wp\/v2\/pages\/534\/revisions\/535"}],"wp:attachment":[{"href":"https:\/\/campinggranada.es\/de\/wp-json\/wp\/v2\/media?parent=534"}],"curies":[{"name":"wp","href":"https:\/\/api.w.org\/{rel}","templated":true}]}}