{"id":630,"date":"2018-03-22T09:26:12","date_gmt":"2018-03-22T09:26:12","guid":{"rendered":"http:\/\/campinggranada.es\/?page_id=630"},"modified":"2018-04-10T10:05:08","modified_gmt":"2018-04-10T10:05:08","slug":"restaurant","status":"publish","type":"page","link":"https:\/\/campinggranada.es\/de\/restaurant\/","title":{"rendered":"Restaurant"},"content":{"rendered":"<h2>Unser Restaurant<\/h2>\n<div class=\"descripcion-servicio\">Sehr warm und gem\u00fctlich, hat eine nat\u00fcrliche thermische Backofen und Anschreiben einfache, aber vollst\u00e4ndige Mahlzeiten, wo Sie von einem verschl\u00fcsselten Br\u00fchen w\u00e4hlen, oder kann aus Fleisch Salate. Beachten Sie auch, diese feine Auswahl von Weinen aus verschiedenen Weinregionen Spaniens wichtigste, wie zum Beispiel: La Rioja, Ribera del Duero, La Mancha, etc \u2026 sowie einzigartige Weine der Provinz Granada.<\/div>\n<div id=\"servicio-bar\" class=\"imagen-servicio\"><\/div>\n<div class=\"descripcion-servicio\">Unsere Bar es befindet sich im gleichen Geb\u00e4ude wie das Restaurant. Es ist eine gro\u00dfartige M\u00f6glichkeit f\u00fcr einen Drink in der Gesellschaft gerecht zu werden, in einer gem\u00fctlichen und famili\u00e4r. Sowohl innerhalb als auch auf der Terrasse genie\u00dfen Sie den Panoramablick auf Granada und die Sierra Nevada.<\/div>\n<div class=\"su-custom-gallery su-custom-gallery-align-left su-custom-gallery-title-never su-lightbox-gallery\"><div class=\"su-custom-gallery-slide\" style=\"width:300px;height:220px\"><a href=\"https:\/\/campinggranada.es\/wp-content\/uploads\/2018\/03\/servicios-7.jpg\" title=\"servicios-7\"><img decoding=\"async\" src=\"https:\/\/campinggranada.es\/wp-content\/uploads\/2018\/03\/servicios-7-300x220.jpg\" alt=\"servicios-7\" width=\"300\" height=\"220\" \/><span class=\"su-custom-gallery-title\">servicios-7<\/span><\/a><\/div><div class=\"su-custom-gallery-slide\" style=\"width:300px;height:220px\"><a href=\"https:\/\/campinggranada.es\/wp-content\/uploads\/2018\/03\/servicios.jpg\" title=\"servicios\"><img decoding=\"async\" src=\"https:\/\/campinggranada.es\/wp-content\/uploads\/2018\/03\/servicios-300x220.jpg\" alt=\"servicios\" width=\"300\" height=\"220\" \/><span class=\"su-custom-gallery-title\">servicios<\/span><\/a><\/div><div class=\"su-custom-gallery-slide\" style=\"width:300px;height:220px\"><a href=\"https:\/\/campinggranada.es\/wp-content\/uploads\/2018\/03\/servicios-6.jpg\" title=\"servicios-6\"><img decoding=\"async\" src=\"https:\/\/campinggranada.es\/wp-content\/uploads\/2018\/03\/servicios-6-300x220.jpg\" alt=\"servicios-6\" width=\"300\" height=\"220\" \/><span class=\"su-custom-gallery-title\">servicios-6<\/span><\/a><\/div><div class=\"su-clear\"><\/div><\/div>\n","protected":false},"excerpt":{"rendered":"<p>Unser Restaurant Sehr warm und gem\u00fctlich, hat eine nat\u00fcrliche thermische Backofen und Anschreiben einfache, aber vollst\u00e4ndige Mahlzeiten, wo Sie von einem verschl\u00fcsselten Br\u00fchen w\u00e4hlen, oder kann aus Fleisch Salate. Beachten Sie auch, diese feine Auswahl von Weinen aus verschiedenen Weinregionen Spaniens wichtigste, wie zum Beispiel: La Rioja, Ribera del Duero, La Mancha, etc \u2026 sowie [&hellip;]<\/p>\n","protected":false},"author":1,"featured_media":642,"parent":0,"menu_order":0,"comment_status":"closed","ping_status":"closed","template":"page-restaurante.php","meta":{"ngg_post_thumbnail":0,"footnotes":""},"class_list":["post-630","page","type-page","status-publish","has-post-thumbnail","hentry"],"yoast_head":"<!-- This site is optimized with the Yoast SEO plugin v25.7 - https:\/\/yoast.com\/wordpress\/plugins\/seo\/ -->\n<title>Restaurant - Camping Granada<\/title>\n<meta name=\"robots\" content=\"index, follow, max-snippet:-1, max-image-preview:large, max-video-preview:-1\" \/>\n<link rel=\"canonical\" href=\"https:\/\/campinggranada.es\/de\/restaurant\/\" \/>\n<meta property=\"og:locale\" content=\"de_DE\" \/>\n<meta property=\"og:type\" content=\"article\" \/>\n<meta property=\"og:title\" content=\"Restaurant - Camping Granada\" \/>\n<meta property=\"og:description\" content=\"Unser Restaurant Sehr warm und gem\u00fctlich, hat eine nat\u00fcrliche thermische Backofen und Anschreiben einfache, aber vollst\u00e4ndige Mahlzeiten, wo Sie von einem verschl\u00fcsselten Br\u00fchen w\u00e4hlen, oder kann aus Fleisch Salate. Beachten Sie auch, diese feine Auswahl von Weinen aus verschiedenen Weinregionen Spaniens wichtigste, wie zum Beispiel: La Rioja, Ribera del Duero, La Mancha, etc \u2026 sowie [&hellip;]\" \/>\n<meta property=\"og:url\" content=\"https:\/\/campinggranada.es\/de\/restaurant\/\" \/>\n<meta property=\"og:site_name\" content=\"Camping Granada\" \/>\n<meta property=\"article:modified_time\" content=\"2018-04-10T10:05:08+00:00\" \/>\n<meta property=\"og:image\" content=\"https:\/\/campinggranada.es\/wp-content\/uploads\/2018\/03\/restaurante-1.jpg\" \/>\n\t<meta property=\"og:image:width\" content=\"1440\" \/>\n\t<meta property=\"og:image:height\" content=\"200\" \/>\n\t<meta property=\"og:image:type\" content=\"image\/jpeg\" \/>\n<meta name=\"twitter:card\" content=\"summary_large_image\" \/>\n<meta name=\"twitter:label1\" content=\"Gesch\u00e4tzte Lesezeit\" \/>\n\t<meta name=\"twitter:data1\" content=\"1\u00a0Minute\" \/>\n<script type=\"application\/ld+json\" class=\"yoast-schema-graph\">{\"@context\":\"https:\/\/schema.org\",\"@graph\":[{\"@type\":\"WebPage\",\"@id\":\"https:\/\/campinggranada.es\/de\/restaurant\/\",\"url\":\"https:\/\/campinggranada.es\/de\/restaurant\/\",\"name\":\"Restaurant - Camping Granada\",\"isPartOf\":{\"@id\":\"https:\/\/campinggranada.es\/de\/#website\"},\"primaryImageOfPage\":{\"@id\":\"https:\/\/campinggranada.es\/de\/restaurant\/#primaryimage\"},\"image\":{\"@id\":\"https:\/\/campinggranada.es\/de\/restaurant\/#primaryimage\"},\"thumbnailUrl\":\"https:\/\/campinggranada.es\/wp-content\/uploads\/2018\/03\/restaurante-1.jpg\",\"datePublished\":\"2018-03-22T09:26:12+00:00\",\"dateModified\":\"2018-04-10T10:05:08+00:00\",\"breadcrumb\":{\"@id\":\"https:\/\/campinggranada.es\/de\/restaurant\/#breadcrumb\"},\"inLanguage\":\"de\",\"potentialAction\":[{\"@type\":\"ReadAction\",\"target\":[\"https:\/\/campinggranada.es\/de\/restaurant\/\"]}]},{\"@type\":\"ImageObject\",\"inLanguage\":\"de\",\"@id\":\"https:\/\/campinggranada.es\/de\/restaurant\/#primaryimage\",\"url\":\"https:\/\/campinggranada.es\/wp-content\/uploads\/2018\/03\/restaurante-1.jpg\",\"contentUrl\":\"https:\/\/campinggranada.es\/wp-content\/uploads\/2018\/03\/restaurante-1.jpg\",\"width\":1440,\"height\":200},{\"@type\":\"BreadcrumbList\",\"@id\":\"https:\/\/campinggranada.es\/de\/restaurant\/#breadcrumb\",\"itemListElement\":[{\"@type\":\"ListItem\",\"position\":1,\"name\":\"Portada\",\"item\":\"https:\/\/campinggranada.es\/de\/\"},{\"@type\":\"ListItem\",\"position\":2,\"name\":\"Restaurant\"}]},{\"@type\":\"WebSite\",\"@id\":\"https:\/\/campinggranada.es\/de\/#website\",\"url\":\"https:\/\/campinggranada.es\/de\/\",\"name\":\"Camping Granada\",\"description\":\"Camping en Granada\",\"publisher\":{\"@id\":\"https:\/\/campinggranada.es\/de\/#organization\"},\"potentialAction\":[{\"@type\":\"SearchAction\",\"target\":{\"@type\":\"EntryPoint\",\"urlTemplate\":\"https:\/\/campinggranada.es\/de\/?s={search_term_string}\"},\"query-input\":{\"@type\":\"PropertyValueSpecification\",\"valueRequired\":true,\"valueName\":\"search_term_string\"}}],\"inLanguage\":\"de\"},{\"@type\":\"Organization\",\"@id\":\"https:\/\/campinggranada.es\/de\/#organization\",\"name\":\"Camping Granada\",\"url\":\"https:\/\/campinggranada.es\/de\/\",\"logo\":{\"@type\":\"ImageObject\",\"inLanguage\":\"de\",\"@id\":\"https:\/\/campinggranada.es\/de\/#\/schema\/logo\/image\/\",\"url\":\"https:\/\/campinggranada.es\/wp-content\/uploads\/2018\/03\/logo-login.png\",\"contentUrl\":\"https:\/\/campinggranada.es\/wp-content\/uploads\/2018\/03\/logo-login.png\",\"width\":613,\"height\":613,\"caption\":\"Camping Granada\"},\"image\":{\"@id\":\"https:\/\/campinggranada.es\/de\/#\/schema\/logo\/image\/\"}}]}<\/script>\n<!-- \/ Yoast SEO plugin. -->","yoast_head_json":{"title":"Restaurant - Camping Granada","robots":{"index":"index","follow":"follow","max-snippet":"max-snippet:-1","max-image-preview":"max-image-preview:large","max-video-preview":"max-video-preview:-1"},"canonical":"https:\/\/campinggranada.es\/de\/restaurant\/","og_locale":"de_DE","og_type":"article","og_title":"Restaurant - Camping Granada","og_description":"Unser Restaurant Sehr warm und gem\u00fctlich, hat eine nat\u00fcrliche thermische Backofen und Anschreiben einfache, aber vollst\u00e4ndige Mahlzeiten, wo Sie von einem verschl\u00fcsselten Br\u00fchen w\u00e4hlen, oder kann aus Fleisch Salate. Beachten Sie auch, diese feine Auswahl von Weinen aus verschiedenen Weinregionen Spaniens wichtigste, wie zum Beispiel: La Rioja, Ribera del Duero, La Mancha, etc \u2026 sowie [&hellip;]","og_url":"https:\/\/campinggranada.es\/de\/restaurant\/","og_site_name":"Camping Granada","article_modified_time":"2018-04-10T10:05:08+00:00","og_image":[{"width":1440,"height":200,"url":"https:\/\/campinggranada.es\/wp-content\/uploads\/2018\/03\/restaurante-1.jpg","type":"image\/jpeg"}],"twitter_card":"summary_large_image","twitter_misc":{"Gesch\u00e4tzte Lesezeit":"1\u00a0Minute"},"schema":{"@context":"https:\/\/schema.org","@graph":[{"@type":"WebPage","@id":"https:\/\/campinggranada.es\/de\/restaurant\/","url":"https:\/\/campinggranada.es\/de\/restaurant\/","name":"Restaurant - Camping Granada","isPartOf":{"@id":"https:\/\/campinggranada.es\/de\/#website"},"primaryImageOfPage":{"@id":"https:\/\/campinggranada.es\/de\/restaurant\/#primaryimage"},"image":{"@id":"https:\/\/campinggranada.es\/de\/restaurant\/#primaryimage"},"thumbnailUrl":"https:\/\/campinggranada.es\/wp-content\/uploads\/2018\/03\/restaurante-1.jpg","datePublished":"2018-03-22T09:26:12+00:00","dateModified":"2018-04-10T10:05:08+00:00","breadcrumb":{"@id":"https:\/\/campinggranada.es\/de\/restaurant\/#breadcrumb"},"inLanguage":"de","potentialAction":[{"@type":"ReadAction","target":["https:\/\/campinggranada.es\/de\/restaurant\/"]}]},{"@type":"ImageObject","inLanguage":"de","@id":"https:\/\/campinggranada.es\/de\/restaurant\/#primaryimage","url":"https:\/\/campinggranada.es\/wp-content\/uploads\/2018\/03\/restaurante-1.jpg","contentUrl":"https:\/\/campinggranada.es\/wp-content\/uploads\/2018\/03\/restaurante-1.jpg","width":1440,"height":200},{"@type":"BreadcrumbList","@id":"https:\/\/campinggranada.es\/de\/restaurant\/#breadcrumb","itemListElement":[{"@type":"ListItem","position":1,"name":"Portada","item":"https:\/\/campinggranada.es\/de\/"},{"@type":"ListItem","position":2,"name":"Restaurant"}]},{"@type":"WebSite","@id":"https:\/\/campinggranada.es\/de\/#website","url":"https:\/\/campinggranada.es\/de\/","name":"Camping Granada","description":"Camping en Granada","publisher":{"@id":"https:\/\/campinggranada.es\/de\/#organization"},"potentialAction":[{"@type":"SearchAction","target":{"@type":"EntryPoint","urlTemplate":"https:\/\/campinggranada.es\/de\/?s={search_term_string}"},"query-input":{"@type":"PropertyValueSpecification","valueRequired":true,"valueName":"search_term_string"}}],"inLanguage":"de"},{"@type":"Organization","@id":"https:\/\/campinggranada.es\/de\/#organization","name":"Camping Granada","url":"https:\/\/campinggranada.es\/de\/","logo":{"@type":"ImageObject","inLanguage":"de","@id":"https:\/\/campinggranada.es\/de\/#\/schema\/logo\/image\/","url":"https:\/\/campinggranada.es\/wp-content\/uploads\/2018\/03\/logo-login.png","contentUrl":"https:\/\/campinggranada.es\/wp-content\/uploads\/2018\/03\/logo-login.png","width":613,"height":613,"caption":"Camping Granada"},"image":{"@id":"https:\/\/campinggranada.es\/de\/#\/schema\/logo\/image\/"}}]}},"_links":{"self":[{"href":"https:\/\/campinggranada.es\/de\/wp-json\/wp\/v2\/pages\/630","targetHints":{"allow":["GET"]}}],"collection":[{"href":"https:\/\/campinggranada.es\/de\/wp-json\/wp\/v2\/pages"}],"about":[{"href":"https:\/\/campinggranada.es\/de\/wp-json\/wp\/v2\/types\/page"}],"author":[{"embeddable":true,"href":"https:\/\/campinggranada.es\/de\/wp-json\/wp\/v2\/users\/1"}],"replies":[{"embeddable":true,"href":"https:\/\/campinggranada.es\/de\/wp-json\/wp\/v2\/comments?post=630"}],"version-history":[{"count":2,"href":"https:\/\/campinggranada.es\/de\/wp-json\/wp\/v2\/pages\/630\/revisions"}],"predecessor-version":[{"id":765,"href":"https:\/\/campinggranada.es\/de\/wp-json\/wp\/v2\/pages\/630\/revisions\/765"}],"wp:featuredmedia":[{"embeddable":true,"href":"https:\/\/campinggranada.es\/de\/wp-json\/wp\/v2\/media\/642"}],"wp:attachment":[{"href":"https:\/\/campinggranada.es\/de\/wp-json\/wp\/v2\/media?parent=630"}],"curies":[{"name":"wp","href":"https:\/\/api.w.org\/{rel}","templated":true}]}}