{"id":783,"date":"2015-05-13T09:05:05","date_gmt":"2015-05-13T09:05:05","guid":{"rendered":"http:\/\/campinggranada.es\/aviso-legal\/"},"modified":"2019-04-17T14:31:24","modified_gmt":"2019-04-17T14:31:24","slug":"aviso-legal","status":"publish","type":"page","link":"https:\/\/campinggranada.es\/de\/aviso-legal\/","title":{"rendered":"Aviso Legal"},"content":{"rendered":"<p>En cumplimiento de la Ley de Servicios de la Sociedad de la Informaci\u00f3n y de Comercio Electr\u00f3nico (LSSI-CE), Camping Granada SL pone en conocimiento de todos los lectores y usuarios que el contenido del dominio http:\/\/campinggranada.es y sus subdominios son responsabilidad de:<\/p>\n<p align=\"center\">Camping Granada SL<\/p>\n<p align=\"center\">Paraje Cerro de la Cruz, 18210, Peligros, Granada<\/p>\n<p align=\"center\">Tel. 958 340 548 \u2028E-mail: info@campinggranada.es<\/p>\n<p><strong>Condiciones de Uso y Pol\u00edtica de Privacidad<\/strong><\/p>\n<p>La informaci\u00f3n suministrada en nuestra p\u00e1gina web tiene como finalidad facilitar el conocimiento por parte de los usuarios de las actividades y de los servicios que presta Camping Granada SL. Este se reserva el derecho de efectuar, en cualquier momento y sin previo aviso, cuantas modificaciones, variaciones, supresiones o cancelaciones en los contenidos y en la forma de presentaci\u00f3n de los mismos que considere necesarias, ya sea de forma temporal o definitiva, debiendo asegurarse el usuario de utilizar en cada momento la versi\u00f3n actualizada. Esta facultad no otorga a los usuarios<br \/>\nning\u00fan derecho a percibir indemnizaci\u00f3n por da\u00f1os y perjuicios. Los datos de car\u00e1cter personal que se puedan requerir para acceder a los distintos servicios y contenidos ofertados en su p\u00e1gina web, s\u00f3lo se recoger\u00e1n para su tratamiento cuando sean adecuados, pertinentes y no excesivos en relaci\u00f3n con el \u00e1mbito y las finalidades para las que se hayan obtenido. Camping Granada SL garantiza la confidencialidad de los datos de car\u00e1cter personal facilitados por los usuarios y su tratamiento, de acuerdo con la legislaci\u00f3n vigente en materia de protecci\u00f3n de datos de car\u00e1cter personal.<\/p>\n<p><strong>Exoneraci\u00f3n de responsabilidades<\/strong><\/p>\n<p><strong>1. Uso indebido<\/strong><\/p>\n<p>Camping Granada SL no se responsabiliza del mal uso que se realice de los contenidos de su p\u00e1gina web, ni de los da\u00f1os o perjuicios que se deriven del acceso o uso indebido de la informaci\u00f3n de dicha web.<\/p>\n<p><strong>2. Contenidos de terceros\u2028<\/strong><\/p>\n<p>La web puede contener enlaces de hipertexto hacia otras p\u00e1ginas de la World Wide Web, que son completamente independientes de esta p\u00e1gina web. Camping Granada SL no se responsabiliza ni garantiza, en modo alguno, la exactitud, insuficiencia o autenticidad de la informaci\u00f3n suministrada por cualquier persona o entidad, f\u00edsica o jur\u00eddica, con o sin personalidad jur\u00eddica propia, a trav\u00e9s de dichos enlaces de hipertexto.<\/p>\n<p><strong>3. Fallos tecnol\u00f3gicos, ajenos o propios\u2028<\/strong><\/p>\n<p>Camping Granada SL no se responsabiliza de los posibles da\u00f1os o perjuicios que se pudieran derivar de interferencias, omisiones, interrupciones, virus inform\u00e1ticos, aver\u00edas telef\u00f3nicas o desconexiones en el funcionamiento operativo del sistema elegido (red telef\u00f3nica, internet, etc.) motivadas por causas ajenas a ella; de retrasos o bloqueos en el uso del sistema elegido causados por deficiencias o sobrecargas de l\u00edneas telef\u00f3nicas o sobrecargas en el Centro de Proceso de Datos, en los servidores de internet o en otros sistemas electr\u00f3nicos, as\u00ed como de da\u00f1os que puedan ser causados por terceras personas mediante intromisiones ileg\u00edtimas en el sistema elegido, fuera del control del propietario. Asimismo, se exonera a Camping Granada SL de responsabilidad ante cualquier da\u00f1o o perjuicio que pudiera sufrir el Cliente como consecuencia de errores, defectos u omisiones en la informaci\u00f3n facilitada, siempre que proceda de fuentes ajenas al mismo.<\/p>\n<p><strong>4. Intercambio o difusi\u00f3n de informaci\u00f3n\u2028<\/strong> Camping Granada SL, declina toda responsabilidad que se derive del intercambio de informaci\u00f3n entre usuarios a trav\u00e9s de su p\u00e1gina web,<br \/>\ncorrespondiendo la responsabilidad de las manifestaciones difundidas en su p\u00e1gina, a quien las efect\u00fae.<\/p>\n<p><strong>5. Propiedad Intelectual e Industrial\u2028<\/strong><\/p>\n<p>El Copyright del material contenido en esta web es propiedad de Camping Granada SL. El acceso gratuito no implica otros derechos o licencias para reproducci\u00f3n y\/o distribuci\u00f3n sin la previa autorizaci\u00f3n expresa del propietario. Las marcas, logotipos, dise\u00f1os, contenidos, programas u objetos similares que forman parte de esta web, est\u00e1n protegidos por leyes de propiedad industrial e intelectual y por tratados internacionales. La reproducci\u00f3n, distribuci\u00f3n, manipulaci\u00f3n o des-ensamblaje no autorizado de los c\u00f3digos fuente, de los algoritmos incorporados o de las bases de datos, ya sea total o parcial, dar\u00e1 lugar a graves penalizaciones tanto civiles como penales y ser\u00e1 objeto de cuantas acciones judiciales correspondan en Derecho.<\/p>\n","protected":false},"excerpt":{"rendered":"<p>En cumplimiento de la Ley de Servicios de la Sociedad de la Informaci\u00f3n y de Comercio Electr\u00f3nico (LSSI-CE), Camping Granada SL pone en conocimiento de todos los lectores y usuarios que el contenido del dominio http:\/\/campinggranada.es y sus subdominios son responsabilidad de: Camping Granada SL Paraje Cerro de la Cruz, 18210, Peligros, Granada Tel. 958 [&hellip;]<\/p>\n","protected":false},"author":1,"featured_media":0,"parent":0,"menu_order":0,"comment_status":"open","ping_status":"open","template":"page.php","meta":{"ngg_post_thumbnail":0,"footnotes":""},"class_list":["post-783","page","type-page","status-publish","hentry"],"yoast_head":"<!-- This site is optimized with the Yoast SEO plugin v25.7 - https:\/\/yoast.com\/wordpress\/plugins\/seo\/ -->\n<title>Aviso Legal - Camping Granada<\/title>\n<meta name=\"robots\" content=\"index, follow, max-snippet:-1, max-image-preview:large, max-video-preview:-1\" \/>\n<link rel=\"canonical\" href=\"https:\/\/campinggranada.es\/de\/aviso-legal\/\" \/>\n<meta property=\"og:locale\" content=\"de_DE\" \/>\n<meta property=\"og:type\" content=\"article\" \/>\n<meta property=\"og:title\" content=\"Aviso Legal - Camping Granada\" \/>\n<meta property=\"og:description\" content=\"En cumplimiento de la Ley de Servicios de la Sociedad de la Informaci\u00f3n y de Comercio Electr\u00f3nico (LSSI-CE), Camping Granada SL pone en conocimiento de todos los lectores y usuarios que el contenido del dominio http:\/\/campinggranada.es y sus subdominios son responsabilidad de: Camping Granada SL Paraje Cerro de la Cruz, 18210, Peligros, Granada Tel. 958 [&hellip;]\" \/>\n<meta property=\"og:url\" content=\"https:\/\/campinggranada.es\/de\/aviso-legal\/\" \/>\n<meta property=\"og:site_name\" content=\"Camping Granada\" \/>\n<meta property=\"article:modified_time\" content=\"2019-04-17T14:31:24+00:00\" \/>\n<meta name=\"twitter:card\" content=\"summary_large_image\" \/>\n<meta name=\"twitter:label1\" content=\"Gesch\u00e4tzte Lesezeit\" \/>\n\t<meta name=\"twitter:data1\" content=\"4\u00a0Minuten\" \/>\n<script type=\"application\/ld+json\" class=\"yoast-schema-graph\">{\"@context\":\"https:\/\/schema.org\",\"@graph\":[{\"@type\":\"WebPage\",\"@id\":\"https:\/\/campinggranada.es\/de\/aviso-legal\/\",\"url\":\"https:\/\/campinggranada.es\/de\/aviso-legal\/\",\"name\":\"Aviso Legal - Camping Granada\",\"isPartOf\":{\"@id\":\"https:\/\/campinggranada.es\/de\/#website\"},\"datePublished\":\"2015-05-13T09:05:05+00:00\",\"dateModified\":\"2019-04-17T14:31:24+00:00\",\"breadcrumb\":{\"@id\":\"https:\/\/campinggranada.es\/de\/aviso-legal\/#breadcrumb\"},\"inLanguage\":\"de\",\"potentialAction\":[{\"@type\":\"ReadAction\",\"target\":[\"https:\/\/campinggranada.es\/de\/aviso-legal\/\"]}]},{\"@type\":\"BreadcrumbList\",\"@id\":\"https:\/\/campinggranada.es\/de\/aviso-legal\/#breadcrumb\",\"itemListElement\":[{\"@type\":\"ListItem\",\"position\":1,\"name\":\"Portada\",\"item\":\"https:\/\/campinggranada.es\/de\/\"},{\"@type\":\"ListItem\",\"position\":2,\"name\":\"Aviso Legal\"}]},{\"@type\":\"WebSite\",\"@id\":\"https:\/\/campinggranada.es\/de\/#website\",\"url\":\"https:\/\/campinggranada.es\/de\/\",\"name\":\"Camping Granada\",\"description\":\"Camping en Granada\",\"publisher\":{\"@id\":\"https:\/\/campinggranada.es\/de\/#organization\"},\"potentialAction\":[{\"@type\":\"SearchAction\",\"target\":{\"@type\":\"EntryPoint\",\"urlTemplate\":\"https:\/\/campinggranada.es\/de\/?s={search_term_string}\"},\"query-input\":{\"@type\":\"PropertyValueSpecification\",\"valueRequired\":true,\"valueName\":\"search_term_string\"}}],\"inLanguage\":\"de\"},{\"@type\":\"Organization\",\"@id\":\"https:\/\/campinggranada.es\/de\/#organization\",\"name\":\"Camping Granada\",\"url\":\"https:\/\/campinggranada.es\/de\/\",\"logo\":{\"@type\":\"ImageObject\",\"inLanguage\":\"de\",\"@id\":\"https:\/\/campinggranada.es\/de\/#\/schema\/logo\/image\/\",\"url\":\"https:\/\/campinggranada.es\/wp-content\/uploads\/2018\/03\/logo-login.png\",\"contentUrl\":\"https:\/\/campinggranada.es\/wp-content\/uploads\/2018\/03\/logo-login.png\",\"width\":613,\"height\":613,\"caption\":\"Camping Granada\"},\"image\":{\"@id\":\"https:\/\/campinggranada.es\/de\/#\/schema\/logo\/image\/\"}}]}<\/script>\n<!-- \/ Yoast SEO plugin. -->","yoast_head_json":{"title":"Aviso Legal - Camping Granada","robots":{"index":"index","follow":"follow","max-snippet":"max-snippet:-1","max-image-preview":"max-image-preview:large","max-video-preview":"max-video-preview:-1"},"canonical":"https:\/\/campinggranada.es\/de\/aviso-legal\/","og_locale":"de_DE","og_type":"article","og_title":"Aviso Legal - Camping Granada","og_description":"En cumplimiento de la Ley de Servicios de la Sociedad de la Informaci\u00f3n y de Comercio Electr\u00f3nico (LSSI-CE), Camping Granada SL pone en conocimiento de todos los lectores y usuarios que el contenido del dominio http:\/\/campinggranada.es y sus subdominios son responsabilidad de: Camping Granada SL Paraje Cerro de la Cruz, 18210, Peligros, Granada Tel. 958 [&hellip;]","og_url":"https:\/\/campinggranada.es\/de\/aviso-legal\/","og_site_name":"Camping Granada","article_modified_time":"2019-04-17T14:31:24+00:00","twitter_card":"summary_large_image","twitter_misc":{"Gesch\u00e4tzte Lesezeit":"4\u00a0Minuten"},"schema":{"@context":"https:\/\/schema.org","@graph":[{"@type":"WebPage","@id":"https:\/\/campinggranada.es\/de\/aviso-legal\/","url":"https:\/\/campinggranada.es\/de\/aviso-legal\/","name":"Aviso Legal - Camping Granada","isPartOf":{"@id":"https:\/\/campinggranada.es\/de\/#website"},"datePublished":"2015-05-13T09:05:05+00:00","dateModified":"2019-04-17T14:31:24+00:00","breadcrumb":{"@id":"https:\/\/campinggranada.es\/de\/aviso-legal\/#breadcrumb"},"inLanguage":"de","potentialAction":[{"@type":"ReadAction","target":["https:\/\/campinggranada.es\/de\/aviso-legal\/"]}]},{"@type":"BreadcrumbList","@id":"https:\/\/campinggranada.es\/de\/aviso-legal\/#breadcrumb","itemListElement":[{"@type":"ListItem","position":1,"name":"Portada","item":"https:\/\/campinggranada.es\/de\/"},{"@type":"ListItem","position":2,"name":"Aviso Legal"}]},{"@type":"WebSite","@id":"https:\/\/campinggranada.es\/de\/#website","url":"https:\/\/campinggranada.es\/de\/","name":"Camping Granada","description":"Camping en Granada","publisher":{"@id":"https:\/\/campinggranada.es\/de\/#organization"},"potentialAction":[{"@type":"SearchAction","target":{"@type":"EntryPoint","urlTemplate":"https:\/\/campinggranada.es\/de\/?s={search_term_string}"},"query-input":{"@type":"PropertyValueSpecification","valueRequired":true,"valueName":"search_term_string"}}],"inLanguage":"de"},{"@type":"Organization","@id":"https:\/\/campinggranada.es\/de\/#organization","name":"Camping Granada","url":"https:\/\/campinggranada.es\/de\/","logo":{"@type":"ImageObject","inLanguage":"de","@id":"https:\/\/campinggranada.es\/de\/#\/schema\/logo\/image\/","url":"https:\/\/campinggranada.es\/wp-content\/uploads\/2018\/03\/logo-login.png","contentUrl":"https:\/\/campinggranada.es\/wp-content\/uploads\/2018\/03\/logo-login.png","width":613,"height":613,"caption":"Camping Granada"},"image":{"@id":"https:\/\/campinggranada.es\/de\/#\/schema\/logo\/image\/"}}]}},"_links":{"self":[{"href":"https:\/\/campinggranada.es\/de\/wp-json\/wp\/v2\/pages\/783","targetHints":{"allow":["GET"]}}],"collection":[{"href":"https:\/\/campinggranada.es\/de\/wp-json\/wp\/v2\/pages"}],"about":[{"href":"https:\/\/campinggranada.es\/de\/wp-json\/wp\/v2\/types\/page"}],"author":[{"embeddable":true,"href":"https:\/\/campinggranada.es\/de\/wp-json\/wp\/v2\/users\/1"}],"replies":[{"embeddable":true,"href":"https:\/\/campinggranada.es\/de\/wp-json\/wp\/v2\/comments?post=783"}],"version-history":[{"count":1,"href":"https:\/\/campinggranada.es\/de\/wp-json\/wp\/v2\/pages\/783\/revisions"}],"predecessor-version":[{"id":1355,"href":"https:\/\/campinggranada.es\/de\/wp-json\/wp\/v2\/pages\/783\/revisions\/1355"}],"wp:attachment":[{"href":"https:\/\/campinggranada.es\/de\/wp-json\/wp\/v2\/media?parent=783"}],"curies":[{"name":"wp","href":"https:\/\/api.w.org\/{rel}","templated":true}]}}