{"id":3379,"date":"2023-03-31T13:42:26","date_gmt":"2023-03-31T11:42:26","guid":{"rendered":"https:\/\/campinggranada.es\/?page_id=3379"},"modified":"2023-03-31T13:42:26","modified_gmt":"2023-03-31T11:42:26","slug":"recommandation-pour-se-rendre-au-camping","status":"publish","type":"page","link":"https:\/\/campinggranada.es\/fr\/recommandation-pour-se-rendre-au-camping\/","title":{"rendered":"RECOMMANDATION Pour se rendre au camping"},"content":{"rendered":"<p>Sp\u00e9cialement destin\u00e9 aux clients qui viennent de Guadix. (Exp\u00e9riences racont\u00e9es par d&rsquo;autres clients)<\/p>\n<p>-Si vous venez de l&rsquo;A-92 avec votre mobile (configur\u00e9 pour les chemins de terre) ou avec Google, il vous prendra le chemin le plus court, sortie 245.<\/p>\n<p>&nbsp; &nbsp; &nbsp; &nbsp; &nbsp; &nbsp; &nbsp; &nbsp; &nbsp; &nbsp; &nbsp; &nbsp; &nbsp; &nbsp; &nbsp; &nbsp; &nbsp; &nbsp; &nbsp; &nbsp; &nbsp; &nbsp; &nbsp; &nbsp; &nbsp; &nbsp; &nbsp; &nbsp; &nbsp; &nbsp; &nbsp; NE LE FAITES PAS !<\/p>\n<p>C&rsquo;est une voie de desserte pour les tracteurs avec du gravier et des pentes tr\u00e8s raides ou dans le meilleur des cas elle les am\u00e8nera dans la partie haute de la ville \u00e0 la recherche de la m\u00eame voie de desserte<\/p>\n<p>NOUS VOUS RECOMMANDONS de suivre l&rsquo;A-92 jusqu&rsquo;\u00e0 l&rsquo;intersection avec le GR-30 en direction de Grenade et de prendre la sortie 4 pour Monteluz ou la sortie 5 vers la ville.<\/p>\n","protected":false},"excerpt":{"rendered":"<p>Sp\u00e9cialement destin\u00e9 aux clients qui viennent de Guadix. (Exp\u00e9riences racont\u00e9es par d&rsquo;autres clients) -Si vous venez de l&rsquo;A-92 avec votre mobile (configur\u00e9 pour les chemins de terre) ou avec Google, il vous prendra le chemin le plus court, sortie 245. &nbsp; &nbsp; &nbsp; &nbsp; &nbsp; &nbsp; &nbsp; &nbsp; &nbsp; &nbsp; &nbsp; &nbsp; &nbsp; &nbsp; &nbsp; [&hellip;]<\/p>\n","protected":false},"author":2,"featured_media":0,"parent":0,"menu_order":0,"comment_status":"closed","ping_status":"closed","template":"","meta":{"ngg_post_thumbnail":0,"footnotes":""},"class_list":["post-3379","page","type-page","status-publish","hentry"],"yoast_head":"<!-- This site is optimized with the Yoast SEO plugin v25.7 - https:\/\/yoast.com\/wordpress\/plugins\/seo\/ -->\n<title>RECOMMANDATION Pour se rendre au camping - Camping Granada<\/title>\n<meta name=\"robots\" content=\"index, follow, max-snippet:-1, max-image-preview:large, max-video-preview:-1\" \/>\n<link rel=\"canonical\" href=\"https:\/\/campinggranada.es\/fr\/recommandation-pour-se-rendre-au-camping\/\" \/>\n<meta property=\"og:locale\" content=\"fr_FR\" \/>\n<meta property=\"og:type\" content=\"article\" \/>\n<meta property=\"og:title\" content=\"RECOMMANDATION Pour se rendre au camping - Camping Granada\" \/>\n<meta property=\"og:description\" content=\"Sp\u00e9cialement destin\u00e9 aux clients qui viennent de Guadix. (Exp\u00e9riences racont\u00e9es par d&rsquo;autres clients) -Si vous venez de l&rsquo;A-92 avec votre mobile (configur\u00e9 pour les chemins de terre) ou avec Google, il vous prendra le chemin le plus court, sortie 245. &nbsp; &nbsp; &nbsp; &nbsp; &nbsp; &nbsp; &nbsp; &nbsp; &nbsp; &nbsp; &nbsp; &nbsp; &nbsp; &nbsp; &nbsp; [&hellip;]\" \/>\n<meta property=\"og:url\" content=\"https:\/\/campinggranada.es\/fr\/recommandation-pour-se-rendre-au-camping\/\" \/>\n<meta property=\"og:site_name\" content=\"Camping Granada\" \/>\n<meta name=\"twitter:card\" content=\"summary_large_image\" \/>\n<meta name=\"twitter:label1\" content=\"Dur\u00e9e de lecture estim\u00e9e\" \/>\n\t<meta name=\"twitter:data1\" content=\"1 minute\" \/>\n<script type=\"application\/ld+json\" class=\"yoast-schema-graph\">{\"@context\":\"https:\/\/schema.org\",\"@graph\":[{\"@type\":\"WebPage\",\"@id\":\"https:\/\/campinggranada.es\/fr\/recommandation-pour-se-rendre-au-camping\/\",\"url\":\"https:\/\/campinggranada.es\/fr\/recommandation-pour-se-rendre-au-camping\/\",\"name\":\"RECOMMANDATION Pour se rendre au camping - Camping Granada\",\"isPartOf\":{\"@id\":\"https:\/\/campinggranada.es\/fr\/#website\"},\"datePublished\":\"2023-03-31T11:42:26+00:00\",\"breadcrumb\":{\"@id\":\"https:\/\/campinggranada.es\/fr\/recommandation-pour-se-rendre-au-camping\/#breadcrumb\"},\"inLanguage\":\"fr-FR\",\"potentialAction\":[{\"@type\":\"ReadAction\",\"target\":[\"https:\/\/campinggranada.es\/fr\/recommandation-pour-se-rendre-au-camping\/\"]}]},{\"@type\":\"BreadcrumbList\",\"@id\":\"https:\/\/campinggranada.es\/fr\/recommandation-pour-se-rendre-au-camping\/#breadcrumb\",\"itemListElement\":[{\"@type\":\"ListItem\",\"position\":1,\"name\":\"Portada\",\"item\":\"https:\/\/campinggranada.es\/fr\/\"},{\"@type\":\"ListItem\",\"position\":2,\"name\":\"RECOMMANDATION Pour se rendre au camping\"}]},{\"@type\":\"WebSite\",\"@id\":\"https:\/\/campinggranada.es\/fr\/#website\",\"url\":\"https:\/\/campinggranada.es\/fr\/\",\"name\":\"Camping Granada\",\"description\":\"Camping en Granada\",\"publisher\":{\"@id\":\"https:\/\/campinggranada.es\/fr\/#organization\"},\"potentialAction\":[{\"@type\":\"SearchAction\",\"target\":{\"@type\":\"EntryPoint\",\"urlTemplate\":\"https:\/\/campinggranada.es\/fr\/?s={search_term_string}\"},\"query-input\":{\"@type\":\"PropertyValueSpecification\",\"valueRequired\":true,\"valueName\":\"search_term_string\"}}],\"inLanguage\":\"fr-FR\"},{\"@type\":\"Organization\",\"@id\":\"https:\/\/campinggranada.es\/fr\/#organization\",\"name\":\"Camping Granada\",\"url\":\"https:\/\/campinggranada.es\/fr\/\",\"logo\":{\"@type\":\"ImageObject\",\"inLanguage\":\"fr-FR\",\"@id\":\"https:\/\/campinggranada.es\/fr\/#\/schema\/logo\/image\/\",\"url\":\"https:\/\/campinggranada.es\/wp-content\/uploads\/2018\/03\/logo-login.png\",\"contentUrl\":\"https:\/\/campinggranada.es\/wp-content\/uploads\/2018\/03\/logo-login.png\",\"width\":613,\"height\":613,\"caption\":\"Camping Granada\"},\"image\":{\"@id\":\"https:\/\/campinggranada.es\/fr\/#\/schema\/logo\/image\/\"}}]}<\/script>\n<!-- \/ Yoast SEO plugin. -->","yoast_head_json":{"title":"RECOMMANDATION Pour se rendre au camping - Camping Granada","robots":{"index":"index","follow":"follow","max-snippet":"max-snippet:-1","max-image-preview":"max-image-preview:large","max-video-preview":"max-video-preview:-1"},"canonical":"https:\/\/campinggranada.es\/fr\/recommandation-pour-se-rendre-au-camping\/","og_locale":"fr_FR","og_type":"article","og_title":"RECOMMANDATION Pour se rendre au camping - Camping Granada","og_description":"Sp\u00e9cialement destin\u00e9 aux clients qui viennent de Guadix. (Exp\u00e9riences racont\u00e9es par d&rsquo;autres clients) -Si vous venez de l&rsquo;A-92 avec votre mobile (configur\u00e9 pour les chemins de terre) ou avec Google, il vous prendra le chemin le plus court, sortie 245. &nbsp; &nbsp; &nbsp; &nbsp; &nbsp; &nbsp; &nbsp; &nbsp; &nbsp; &nbsp; &nbsp; &nbsp; &nbsp; &nbsp; &nbsp; [&hellip;]","og_url":"https:\/\/campinggranada.es\/fr\/recommandation-pour-se-rendre-au-camping\/","og_site_name":"Camping Granada","twitter_card":"summary_large_image","twitter_misc":{"Dur\u00e9e de lecture estim\u00e9e":"1 minute"},"schema":{"@context":"https:\/\/schema.org","@graph":[{"@type":"WebPage","@id":"https:\/\/campinggranada.es\/fr\/recommandation-pour-se-rendre-au-camping\/","url":"https:\/\/campinggranada.es\/fr\/recommandation-pour-se-rendre-au-camping\/","name":"RECOMMANDATION Pour se rendre au camping - Camping Granada","isPartOf":{"@id":"https:\/\/campinggranada.es\/fr\/#website"},"datePublished":"2023-03-31T11:42:26+00:00","breadcrumb":{"@id":"https:\/\/campinggranada.es\/fr\/recommandation-pour-se-rendre-au-camping\/#breadcrumb"},"inLanguage":"fr-FR","potentialAction":[{"@type":"ReadAction","target":["https:\/\/campinggranada.es\/fr\/recommandation-pour-se-rendre-au-camping\/"]}]},{"@type":"BreadcrumbList","@id":"https:\/\/campinggranada.es\/fr\/recommandation-pour-se-rendre-au-camping\/#breadcrumb","itemListElement":[{"@type":"ListItem","position":1,"name":"Portada","item":"https:\/\/campinggranada.es\/fr\/"},{"@type":"ListItem","position":2,"name":"RECOMMANDATION Pour se rendre au camping"}]},{"@type":"WebSite","@id":"https:\/\/campinggranada.es\/fr\/#website","url":"https:\/\/campinggranada.es\/fr\/","name":"Camping Granada","description":"Camping en Granada","publisher":{"@id":"https:\/\/campinggranada.es\/fr\/#organization"},"potentialAction":[{"@type":"SearchAction","target":{"@type":"EntryPoint","urlTemplate":"https:\/\/campinggranada.es\/fr\/?s={search_term_string}"},"query-input":{"@type":"PropertyValueSpecification","valueRequired":true,"valueName":"search_term_string"}}],"inLanguage":"fr-FR"},{"@type":"Organization","@id":"https:\/\/campinggranada.es\/fr\/#organization","name":"Camping Granada","url":"https:\/\/campinggranada.es\/fr\/","logo":{"@type":"ImageObject","inLanguage":"fr-FR","@id":"https:\/\/campinggranada.es\/fr\/#\/schema\/logo\/image\/","url":"https:\/\/campinggranada.es\/wp-content\/uploads\/2018\/03\/logo-login.png","contentUrl":"https:\/\/campinggranada.es\/wp-content\/uploads\/2018\/03\/logo-login.png","width":613,"height":613,"caption":"Camping Granada"},"image":{"@id":"https:\/\/campinggranada.es\/fr\/#\/schema\/logo\/image\/"}}]}},"_links":{"self":[{"href":"https:\/\/campinggranada.es\/fr\/wp-json\/wp\/v2\/pages\/3379","targetHints":{"allow":["GET"]}}],"collection":[{"href":"https:\/\/campinggranada.es\/fr\/wp-json\/wp\/v2\/pages"}],"about":[{"href":"https:\/\/campinggranada.es\/fr\/wp-json\/wp\/v2\/types\/page"}],"author":[{"embeddable":true,"href":"https:\/\/campinggranada.es\/fr\/wp-json\/wp\/v2\/users\/2"}],"replies":[{"embeddable":true,"href":"https:\/\/campinggranada.es\/fr\/wp-json\/wp\/v2\/comments?post=3379"}],"version-history":[{"count":1,"href":"https:\/\/campinggranada.es\/fr\/wp-json\/wp\/v2\/pages\/3379\/revisions"}],"predecessor-version":[{"id":3380,"href":"https:\/\/campinggranada.es\/fr\/wp-json\/wp\/v2\/pages\/3379\/revisions\/3380"}],"wp:attachment":[{"href":"https:\/\/campinggranada.es\/fr\/wp-json\/wp\/v2\/media?parent=3379"}],"curies":[{"name":"wp","href":"https:\/\/api.w.org\/{rel}","templated":true}]}}