{"id":538,"date":"2018-03-21T10:56:32","date_gmt":"2018-03-21T10:56:32","guid":{"rendered":"http:\/\/campinggranada.es\/?page_id=538"},"modified":"2018-03-21T10:56:32","modified_gmt":"2018-03-21T10:56:32","slug":"installations","status":"publish","type":"page","link":"https:\/\/campinggranada.es\/fr\/installations\/","title":{"rendered":"Installations"},"content":{"rendered":"<h2><span id=\"selectedText-de\" class=\"ng-binding\"><span id=\"selectedText-nl\" class=\"ng-binding\"><span id=\"selectedText-fr\" class=\"ng-binding\">Location<\/span><\/span><\/span><\/h2>\n<p>Seulement 1,5 km, nous avons le centre le plus proche de la population, les risques, ville situ\u00e9e \u00e0 peine 5 km des endroits les plus pittoresques de la capitale Grenade, y compris:<\/p>\n<ul>\n<li>L\u2019Alhambra et du Generalife.<\/li>\n<li>L\u2019Albaicin et le Sacromonte,<\/li>\n<li>La cath\u00e9drale et la chapelle royale<\/li>\n<li>Les bains arabes<\/li>\n<li>Caves \u00e0 vins et pubs historiques o\u00f9 vous pourrez d\u00e9guster une grande vari\u00e9t\u00e9 de tapas pr\u00e9par\u00e9es avec des produits locaux, etc<\/li>\n<\/ul>\n<p>&nbsp;<\/p>\n<p>&nbsp;<\/p>\n<p>&nbsp;<\/p>\n<p>&nbsp;<\/p>\n","protected":false},"excerpt":{"rendered":"<p>Location Seulement 1,5 km, nous avons le centre le plus proche de la population, les risques, ville situ\u00e9e \u00e0 peine 5 km des endroits les plus pittoresques de la capitale Grenade, y compris: L\u2019Alhambra et du Generalife. L\u2019Albaicin et le Sacromonte, La cath\u00e9drale et la chapelle royale Les bains arabes Caves \u00e0 vins et pubs [&hellip;]<\/p>\n","protected":false},"author":1,"featured_media":0,"parent":0,"menu_order":0,"comment_status":"closed","ping_status":"closed","template":"page-servicios.php","meta":{"ngg_post_thumbnail":0,"footnotes":""},"class_list":["post-538","page","type-page","status-publish","hentry"],"yoast_head":"<!-- This site is optimized with the Yoast SEO plugin v25.7 - https:\/\/yoast.com\/wordpress\/plugins\/seo\/ -->\n<title>Installations - Camping Granada<\/title>\n<meta name=\"robots\" content=\"index, follow, max-snippet:-1, max-image-preview:large, max-video-preview:-1\" \/>\n<link rel=\"canonical\" href=\"https:\/\/campinggranada.es\/fr\/installations\/\" \/>\n<meta property=\"og:locale\" content=\"fr_FR\" \/>\n<meta property=\"og:type\" content=\"article\" \/>\n<meta property=\"og:title\" content=\"Installations - Camping Granada\" \/>\n<meta property=\"og:description\" content=\"Location Seulement 1,5 km, nous avons le centre le plus proche de la population, les risques, ville situ\u00e9e \u00e0 peine 5 km des endroits les plus pittoresques de la capitale Grenade, y compris: L\u2019Alhambra et du Generalife. L\u2019Albaicin et le Sacromonte, La cath\u00e9drale et la chapelle royale Les bains arabes Caves \u00e0 vins et pubs [&hellip;]\" \/>\n<meta property=\"og:url\" content=\"https:\/\/campinggranada.es\/fr\/installations\/\" \/>\n<meta property=\"og:site_name\" content=\"Camping Granada\" \/>\n<meta name=\"twitter:card\" content=\"summary_large_image\" \/>\n<script type=\"application\/ld+json\" class=\"yoast-schema-graph\">{\"@context\":\"https:\/\/schema.org\",\"@graph\":[{\"@type\":\"WebPage\",\"@id\":\"https:\/\/campinggranada.es\/fr\/installations\/\",\"url\":\"https:\/\/campinggranada.es\/fr\/installations\/\",\"name\":\"Installations - Camping Granada\",\"isPartOf\":{\"@id\":\"https:\/\/campinggranada.es\/fr\/#website\"},\"datePublished\":\"2018-03-21T10:56:32+00:00\",\"breadcrumb\":{\"@id\":\"https:\/\/campinggranada.es\/fr\/installations\/#breadcrumb\"},\"inLanguage\":\"fr-FR\",\"potentialAction\":[{\"@type\":\"ReadAction\",\"target\":[\"https:\/\/campinggranada.es\/fr\/installations\/\"]}]},{\"@type\":\"BreadcrumbList\",\"@id\":\"https:\/\/campinggranada.es\/fr\/installations\/#breadcrumb\",\"itemListElement\":[{\"@type\":\"ListItem\",\"position\":1,\"name\":\"Portada\",\"item\":\"https:\/\/campinggranada.es\/fr\/\"},{\"@type\":\"ListItem\",\"position\":2,\"name\":\"Installations\"}]},{\"@type\":\"WebSite\",\"@id\":\"https:\/\/campinggranada.es\/fr\/#website\",\"url\":\"https:\/\/campinggranada.es\/fr\/\",\"name\":\"Camping Granada\",\"description\":\"Camping en Granada\",\"publisher\":{\"@id\":\"https:\/\/campinggranada.es\/fr\/#organization\"},\"potentialAction\":[{\"@type\":\"SearchAction\",\"target\":{\"@type\":\"EntryPoint\",\"urlTemplate\":\"https:\/\/campinggranada.es\/fr\/?s={search_term_string}\"},\"query-input\":{\"@type\":\"PropertyValueSpecification\",\"valueRequired\":true,\"valueName\":\"search_term_string\"}}],\"inLanguage\":\"fr-FR\"},{\"@type\":\"Organization\",\"@id\":\"https:\/\/campinggranada.es\/fr\/#organization\",\"name\":\"Camping Granada\",\"url\":\"https:\/\/campinggranada.es\/fr\/\",\"logo\":{\"@type\":\"ImageObject\",\"inLanguage\":\"fr-FR\",\"@id\":\"https:\/\/campinggranada.es\/fr\/#\/schema\/logo\/image\/\",\"url\":\"https:\/\/campinggranada.es\/wp-content\/uploads\/2018\/03\/logo-login.png\",\"contentUrl\":\"https:\/\/campinggranada.es\/wp-content\/uploads\/2018\/03\/logo-login.png\",\"width\":613,\"height\":613,\"caption\":\"Camping Granada\"},\"image\":{\"@id\":\"https:\/\/campinggranada.es\/fr\/#\/schema\/logo\/image\/\"}}]}<\/script>\n<!-- \/ Yoast SEO plugin. -->","yoast_head_json":{"title":"Installations - Camping Granada","robots":{"index":"index","follow":"follow","max-snippet":"max-snippet:-1","max-image-preview":"max-image-preview:large","max-video-preview":"max-video-preview:-1"},"canonical":"https:\/\/campinggranada.es\/fr\/installations\/","og_locale":"fr_FR","og_type":"article","og_title":"Installations - Camping Granada","og_description":"Location Seulement 1,5 km, nous avons le centre le plus proche de la population, les risques, ville situ\u00e9e \u00e0 peine 5 km des endroits les plus pittoresques de la capitale Grenade, y compris: L\u2019Alhambra et du Generalife. L\u2019Albaicin et le Sacromonte, La cath\u00e9drale et la chapelle royale Les bains arabes Caves \u00e0 vins et pubs [&hellip;]","og_url":"https:\/\/campinggranada.es\/fr\/installations\/","og_site_name":"Camping Granada","twitter_card":"summary_large_image","schema":{"@context":"https:\/\/schema.org","@graph":[{"@type":"WebPage","@id":"https:\/\/campinggranada.es\/fr\/installations\/","url":"https:\/\/campinggranada.es\/fr\/installations\/","name":"Installations - Camping Granada","isPartOf":{"@id":"https:\/\/campinggranada.es\/fr\/#website"},"datePublished":"2018-03-21T10:56:32+00:00","breadcrumb":{"@id":"https:\/\/campinggranada.es\/fr\/installations\/#breadcrumb"},"inLanguage":"fr-FR","potentialAction":[{"@type":"ReadAction","target":["https:\/\/campinggranada.es\/fr\/installations\/"]}]},{"@type":"BreadcrumbList","@id":"https:\/\/campinggranada.es\/fr\/installations\/#breadcrumb","itemListElement":[{"@type":"ListItem","position":1,"name":"Portada","item":"https:\/\/campinggranada.es\/fr\/"},{"@type":"ListItem","position":2,"name":"Installations"}]},{"@type":"WebSite","@id":"https:\/\/campinggranada.es\/fr\/#website","url":"https:\/\/campinggranada.es\/fr\/","name":"Camping Granada","description":"Camping en Granada","publisher":{"@id":"https:\/\/campinggranada.es\/fr\/#organization"},"potentialAction":[{"@type":"SearchAction","target":{"@type":"EntryPoint","urlTemplate":"https:\/\/campinggranada.es\/fr\/?s={search_term_string}"},"query-input":{"@type":"PropertyValueSpecification","valueRequired":true,"valueName":"search_term_string"}}],"inLanguage":"fr-FR"},{"@type":"Organization","@id":"https:\/\/campinggranada.es\/fr\/#organization","name":"Camping Granada","url":"https:\/\/campinggranada.es\/fr\/","logo":{"@type":"ImageObject","inLanguage":"fr-FR","@id":"https:\/\/campinggranada.es\/fr\/#\/schema\/logo\/image\/","url":"https:\/\/campinggranada.es\/wp-content\/uploads\/2018\/03\/logo-login.png","contentUrl":"https:\/\/campinggranada.es\/wp-content\/uploads\/2018\/03\/logo-login.png","width":613,"height":613,"caption":"Camping Granada"},"image":{"@id":"https:\/\/campinggranada.es\/fr\/#\/schema\/logo\/image\/"}}]}},"_links":{"self":[{"href":"https:\/\/campinggranada.es\/fr\/wp-json\/wp\/v2\/pages\/538","targetHints":{"allow":["GET"]}}],"collection":[{"href":"https:\/\/campinggranada.es\/fr\/wp-json\/wp\/v2\/pages"}],"about":[{"href":"https:\/\/campinggranada.es\/fr\/wp-json\/wp\/v2\/types\/page"}],"author":[{"embeddable":true,"href":"https:\/\/campinggranada.es\/fr\/wp-json\/wp\/v2\/users\/1"}],"replies":[{"embeddable":true,"href":"https:\/\/campinggranada.es\/fr\/wp-json\/wp\/v2\/comments?post=538"}],"version-history":[{"count":1,"href":"https:\/\/campinggranada.es\/fr\/wp-json\/wp\/v2\/pages\/538\/revisions"}],"predecessor-version":[{"id":539,"href":"https:\/\/campinggranada.es\/fr\/wp-json\/wp\/v2\/pages\/538\/revisions\/539"}],"wp:attachment":[{"href":"https:\/\/campinggranada.es\/fr\/wp-json\/wp\/v2\/media?parent=538"}],"curies":[{"name":"wp","href":"https:\/\/api.w.org\/{rel}","templated":true}]}}