{"id":636,"date":"2018-03-22T09:30:53","date_gmt":"2018-03-22T09:30:53","guid":{"rendered":"http:\/\/campinggranada.es\/?page_id=636"},"modified":"2018-04-10T10:49:34","modified_gmt":"2018-04-10T10:49:34","slug":"restaurant","status":"publish","type":"page","link":"https:\/\/campinggranada.es\/fr\/restaurant\/","title":{"rendered":"Restaurant"},"content":{"rendered":"<h2>Notre restaurant<\/h2>\n<div class=\"descripcion-servicio\">\n<div id=\"servicio-restaurante\" class=\"imagen-servicio\"><\/div>\n<div class=\"descripcion-servicio\">Tr\u00e8s chaleureux et confortable, dispose d\u2019un four thermique naturel et lettre de motivation des repas simples mais compl\u00e8te o\u00f9 vous pouvez choisir parmi une brouill\u00e9s bouillons, ou de salades de viande. En outre, notez cette belle s\u00e9lection de vins de diff\u00e9rentes r\u00e9gions viticoles de plus important, comme l\u2019Espagne: La Rioja, Ribera del Duero, La Mancha, etc \u2026 ainsi que des vins uniques de la province de Grenade.<\/div>\n<\/div>\n<div id=\"servicio-bar\" class=\"imagen-servicio\"><\/div>\n<div class=\"descripcion-servicio\">Notre bar est situ\u00e9 dans le m\u00eame b\u00e2timent que le restaurant. Il est une excellente option pour r\u00e9pondre \u00e0 une boisson dans l\u2019entreprise, dans une ambiance accueillante et chaleureuse. Tant \u00e0 l\u2019int\u00e9rieur et sur la terrasse offrent une vue panoramique sur Grenade et la Sierra Nevada<\/div>\n<div class=\"su-custom-gallery su-custom-gallery-align-left su-custom-gallery-title-never su-lightbox-gallery\"><div class=\"su-custom-gallery-slide\" style=\"width:300px;height:220px\"><a href=\"https:\/\/campinggranada.es\/wp-content\/uploads\/2018\/03\/servicios-7.jpg\" title=\"servicios-7\"><img decoding=\"async\" src=\"https:\/\/campinggranada.es\/wp-content\/uploads\/2018\/03\/servicios-7-300x220.jpg\" alt=\"servicios-7\" width=\"300\" height=\"220\" \/><span class=\"su-custom-gallery-title\">servicios-7<\/span><\/a><\/div><div class=\"su-custom-gallery-slide\" style=\"width:300px;height:220px\"><a href=\"https:\/\/campinggranada.es\/wp-content\/uploads\/2018\/03\/servicios.jpg\" title=\"servicios\"><img decoding=\"async\" src=\"https:\/\/campinggranada.es\/wp-content\/uploads\/2018\/03\/servicios-300x220.jpg\" alt=\"servicios\" width=\"300\" height=\"220\" \/><span class=\"su-custom-gallery-title\">servicios<\/span><\/a><\/div><div class=\"su-custom-gallery-slide\" style=\"width:300px;height:220px\"><a href=\"https:\/\/campinggranada.es\/wp-content\/uploads\/2018\/03\/servicios-6.jpg\" title=\"servicios-6\"><img decoding=\"async\" src=\"https:\/\/campinggranada.es\/wp-content\/uploads\/2018\/03\/servicios-6-300x220.jpg\" alt=\"servicios-6\" width=\"300\" height=\"220\" \/><span class=\"su-custom-gallery-title\">servicios-6<\/span><\/a><\/div><div class=\"su-clear\"><\/div><\/div>\n","protected":false},"excerpt":{"rendered":"<p>Notre restaurant Tr\u00e8s chaleureux et confortable, dispose d\u2019un four thermique naturel et lettre de motivation des repas simples mais compl\u00e8te o\u00f9 vous pouvez choisir parmi une brouill\u00e9s bouillons, ou de salades de viande. En outre, notez cette belle s\u00e9lection de vins de diff\u00e9rentes r\u00e9gions viticoles de plus important, comme l\u2019Espagne: La Rioja, Ribera del Duero, [&hellip;]<\/p>\n","protected":false},"author":1,"featured_media":642,"parent":0,"menu_order":0,"comment_status":"closed","ping_status":"closed","template":"page-restaurante.php","meta":{"ngg_post_thumbnail":0,"footnotes":""},"class_list":["post-636","page","type-page","status-publish","has-post-thumbnail","hentry"],"yoast_head":"<!-- This site is optimized with the Yoast SEO plugin v25.7 - https:\/\/yoast.com\/wordpress\/plugins\/seo\/ -->\n<title>Restaurant - Camping Granada<\/title>\n<meta name=\"robots\" content=\"index, follow, max-snippet:-1, max-image-preview:large, max-video-preview:-1\" \/>\n<link rel=\"canonical\" href=\"https:\/\/campinggranada.es\/fr\/restaurant\/\" \/>\n<meta property=\"og:locale\" content=\"fr_FR\" \/>\n<meta property=\"og:type\" content=\"article\" \/>\n<meta property=\"og:title\" content=\"Restaurant - Camping Granada\" \/>\n<meta property=\"og:description\" content=\"Notre restaurant Tr\u00e8s chaleureux et confortable, dispose d\u2019un four thermique naturel et lettre de motivation des repas simples mais compl\u00e8te o\u00f9 vous pouvez choisir parmi une brouill\u00e9s bouillons, ou de salades de viande. En outre, notez cette belle s\u00e9lection de vins de diff\u00e9rentes r\u00e9gions viticoles de plus important, comme l\u2019Espagne: La Rioja, Ribera del Duero, [&hellip;]\" \/>\n<meta property=\"og:url\" content=\"https:\/\/campinggranada.es\/fr\/restaurant\/\" \/>\n<meta property=\"og:site_name\" content=\"Camping Granada\" \/>\n<meta property=\"article:modified_time\" content=\"2018-04-10T10:49:34+00:00\" \/>\n<meta property=\"og:image\" content=\"https:\/\/campinggranada.es\/wp-content\/uploads\/2018\/03\/restaurante-1.jpg\" \/>\n\t<meta property=\"og:image:width\" content=\"1440\" \/>\n\t<meta property=\"og:image:height\" content=\"200\" \/>\n\t<meta property=\"og:image:type\" content=\"image\/jpeg\" \/>\n<meta name=\"twitter:card\" content=\"summary_large_image\" \/>\n<meta name=\"twitter:label1\" content=\"Dur\u00e9e de lecture estim\u00e9e\" \/>\n\t<meta name=\"twitter:data1\" content=\"1 minute\" \/>\n<script type=\"application\/ld+json\" class=\"yoast-schema-graph\">{\"@context\":\"https:\/\/schema.org\",\"@graph\":[{\"@type\":\"WebPage\",\"@id\":\"https:\/\/campinggranada.es\/fr\/restaurant\/\",\"url\":\"https:\/\/campinggranada.es\/fr\/restaurant\/\",\"name\":\"Restaurant - Camping Granada\",\"isPartOf\":{\"@id\":\"https:\/\/campinggranada.es\/fr\/#website\"},\"primaryImageOfPage\":{\"@id\":\"https:\/\/campinggranada.es\/fr\/restaurant\/#primaryimage\"},\"image\":{\"@id\":\"https:\/\/campinggranada.es\/fr\/restaurant\/#primaryimage\"},\"thumbnailUrl\":\"https:\/\/campinggranada.es\/wp-content\/uploads\/2018\/03\/restaurante-1.jpg\",\"datePublished\":\"2018-03-22T09:30:53+00:00\",\"dateModified\":\"2018-04-10T10:49:34+00:00\",\"breadcrumb\":{\"@id\":\"https:\/\/campinggranada.es\/fr\/restaurant\/#breadcrumb\"},\"inLanguage\":\"fr-FR\",\"potentialAction\":[{\"@type\":\"ReadAction\",\"target\":[\"https:\/\/campinggranada.es\/fr\/restaurant\/\"]}]},{\"@type\":\"ImageObject\",\"inLanguage\":\"fr-FR\",\"@id\":\"https:\/\/campinggranada.es\/fr\/restaurant\/#primaryimage\",\"url\":\"https:\/\/campinggranada.es\/wp-content\/uploads\/2018\/03\/restaurante-1.jpg\",\"contentUrl\":\"https:\/\/campinggranada.es\/wp-content\/uploads\/2018\/03\/restaurante-1.jpg\",\"width\":1440,\"height\":200},{\"@type\":\"BreadcrumbList\",\"@id\":\"https:\/\/campinggranada.es\/fr\/restaurant\/#breadcrumb\",\"itemListElement\":[{\"@type\":\"ListItem\",\"position\":1,\"name\":\"Portada\",\"item\":\"https:\/\/campinggranada.es\/fr\/\"},{\"@type\":\"ListItem\",\"position\":2,\"name\":\"Restaurant\"}]},{\"@type\":\"WebSite\",\"@id\":\"https:\/\/campinggranada.es\/fr\/#website\",\"url\":\"https:\/\/campinggranada.es\/fr\/\",\"name\":\"Camping Granada\",\"description\":\"Camping en Granada\",\"publisher\":{\"@id\":\"https:\/\/campinggranada.es\/fr\/#organization\"},\"potentialAction\":[{\"@type\":\"SearchAction\",\"target\":{\"@type\":\"EntryPoint\",\"urlTemplate\":\"https:\/\/campinggranada.es\/fr\/?s={search_term_string}\"},\"query-input\":{\"@type\":\"PropertyValueSpecification\",\"valueRequired\":true,\"valueName\":\"search_term_string\"}}],\"inLanguage\":\"fr-FR\"},{\"@type\":\"Organization\",\"@id\":\"https:\/\/campinggranada.es\/fr\/#organization\",\"name\":\"Camping Granada\",\"url\":\"https:\/\/campinggranada.es\/fr\/\",\"logo\":{\"@type\":\"ImageObject\",\"inLanguage\":\"fr-FR\",\"@id\":\"https:\/\/campinggranada.es\/fr\/#\/schema\/logo\/image\/\",\"url\":\"https:\/\/campinggranada.es\/wp-content\/uploads\/2018\/03\/logo-login.png\",\"contentUrl\":\"https:\/\/campinggranada.es\/wp-content\/uploads\/2018\/03\/logo-login.png\",\"width\":613,\"height\":613,\"caption\":\"Camping Granada\"},\"image\":{\"@id\":\"https:\/\/campinggranada.es\/fr\/#\/schema\/logo\/image\/\"}}]}<\/script>\n<!-- \/ Yoast SEO plugin. -->","yoast_head_json":{"title":"Restaurant - Camping Granada","robots":{"index":"index","follow":"follow","max-snippet":"max-snippet:-1","max-image-preview":"max-image-preview:large","max-video-preview":"max-video-preview:-1"},"canonical":"https:\/\/campinggranada.es\/fr\/restaurant\/","og_locale":"fr_FR","og_type":"article","og_title":"Restaurant - Camping Granada","og_description":"Notre restaurant Tr\u00e8s chaleureux et confortable, dispose d\u2019un four thermique naturel et lettre de motivation des repas simples mais compl\u00e8te o\u00f9 vous pouvez choisir parmi une brouill\u00e9s bouillons, ou de salades de viande. En outre, notez cette belle s\u00e9lection de vins de diff\u00e9rentes r\u00e9gions viticoles de plus important, comme l\u2019Espagne: La Rioja, Ribera del Duero, [&hellip;]","og_url":"https:\/\/campinggranada.es\/fr\/restaurant\/","og_site_name":"Camping Granada","article_modified_time":"2018-04-10T10:49:34+00:00","og_image":[{"width":1440,"height":200,"url":"https:\/\/campinggranada.es\/wp-content\/uploads\/2018\/03\/restaurante-1.jpg","type":"image\/jpeg"}],"twitter_card":"summary_large_image","twitter_misc":{"Dur\u00e9e de lecture estim\u00e9e":"1 minute"},"schema":{"@context":"https:\/\/schema.org","@graph":[{"@type":"WebPage","@id":"https:\/\/campinggranada.es\/fr\/restaurant\/","url":"https:\/\/campinggranada.es\/fr\/restaurant\/","name":"Restaurant - Camping Granada","isPartOf":{"@id":"https:\/\/campinggranada.es\/fr\/#website"},"primaryImageOfPage":{"@id":"https:\/\/campinggranada.es\/fr\/restaurant\/#primaryimage"},"image":{"@id":"https:\/\/campinggranada.es\/fr\/restaurant\/#primaryimage"},"thumbnailUrl":"https:\/\/campinggranada.es\/wp-content\/uploads\/2018\/03\/restaurante-1.jpg","datePublished":"2018-03-22T09:30:53+00:00","dateModified":"2018-04-10T10:49:34+00:00","breadcrumb":{"@id":"https:\/\/campinggranada.es\/fr\/restaurant\/#breadcrumb"},"inLanguage":"fr-FR","potentialAction":[{"@type":"ReadAction","target":["https:\/\/campinggranada.es\/fr\/restaurant\/"]}]},{"@type":"ImageObject","inLanguage":"fr-FR","@id":"https:\/\/campinggranada.es\/fr\/restaurant\/#primaryimage","url":"https:\/\/campinggranada.es\/wp-content\/uploads\/2018\/03\/restaurante-1.jpg","contentUrl":"https:\/\/campinggranada.es\/wp-content\/uploads\/2018\/03\/restaurante-1.jpg","width":1440,"height":200},{"@type":"BreadcrumbList","@id":"https:\/\/campinggranada.es\/fr\/restaurant\/#breadcrumb","itemListElement":[{"@type":"ListItem","position":1,"name":"Portada","item":"https:\/\/campinggranada.es\/fr\/"},{"@type":"ListItem","position":2,"name":"Restaurant"}]},{"@type":"WebSite","@id":"https:\/\/campinggranada.es\/fr\/#website","url":"https:\/\/campinggranada.es\/fr\/","name":"Camping Granada","description":"Camping en Granada","publisher":{"@id":"https:\/\/campinggranada.es\/fr\/#organization"},"potentialAction":[{"@type":"SearchAction","target":{"@type":"EntryPoint","urlTemplate":"https:\/\/campinggranada.es\/fr\/?s={search_term_string}"},"query-input":{"@type":"PropertyValueSpecification","valueRequired":true,"valueName":"search_term_string"}}],"inLanguage":"fr-FR"},{"@type":"Organization","@id":"https:\/\/campinggranada.es\/fr\/#organization","name":"Camping Granada","url":"https:\/\/campinggranada.es\/fr\/","logo":{"@type":"ImageObject","inLanguage":"fr-FR","@id":"https:\/\/campinggranada.es\/fr\/#\/schema\/logo\/image\/","url":"https:\/\/campinggranada.es\/wp-content\/uploads\/2018\/03\/logo-login.png","contentUrl":"https:\/\/campinggranada.es\/wp-content\/uploads\/2018\/03\/logo-login.png","width":613,"height":613,"caption":"Camping Granada"},"image":{"@id":"https:\/\/campinggranada.es\/fr\/#\/schema\/logo\/image\/"}}]}},"_links":{"self":[{"href":"https:\/\/campinggranada.es\/fr\/wp-json\/wp\/v2\/pages\/636","targetHints":{"allow":["GET"]}}],"collection":[{"href":"https:\/\/campinggranada.es\/fr\/wp-json\/wp\/v2\/pages"}],"about":[{"href":"https:\/\/campinggranada.es\/fr\/wp-json\/wp\/v2\/types\/page"}],"author":[{"embeddable":true,"href":"https:\/\/campinggranada.es\/fr\/wp-json\/wp\/v2\/users\/1"}],"replies":[{"embeddable":true,"href":"https:\/\/campinggranada.es\/fr\/wp-json\/wp\/v2\/comments?post=636"}],"version-history":[{"count":2,"href":"https:\/\/campinggranada.es\/fr\/wp-json\/wp\/v2\/pages\/636\/revisions"}],"predecessor-version":[{"id":770,"href":"https:\/\/campinggranada.es\/fr\/wp-json\/wp\/v2\/pages\/636\/revisions\/770"}],"wp:featuredmedia":[{"embeddable":true,"href":"https:\/\/campinggranada.es\/fr\/wp-json\/wp\/v2\/media\/642"}],"wp:attachment":[{"href":"https:\/\/campinggranada.es\/fr\/wp-json\/wp\/v2\/media?parent=636"}],"curies":[{"name":"wp","href":"https:\/\/api.w.org\/{rel}","templated":true}]}}