{"id":540,"date":"2018-03-21T10:57:41","date_gmt":"2018-03-21T10:57:41","guid":{"rendered":"http:\/\/campinggranada.es\/?page_id=540"},"modified":"2018-03-21T10:57:41","modified_gmt":"2018-03-21T10:57:41","slug":"strutture","status":"publish","type":"page","link":"https:\/\/campinggranada.es\/it\/strutture\/","title":{"rendered":"Strutture"},"content":{"rendered":"<h2><span id=\"selectedText-it\" class=\"ng-binding\">Posizione<\/span><\/h2>\n<p>Solo 1,5 km abbiamo il pi\u00f9 vicino centro di popolazione, pericoli, citt\u00e0 situata a soli 5 km dal pi\u00f9 suggestivi luoghi di Granada Capitale, tra cui:<\/p>\n<ul>\n<li>L\u2019Alhambra e il Generalife.<\/li>\n<li>L\u2019Albaicin e Sacromonte,<\/li>\n<li>La Cattedrale e la Cappella Reale<\/li>\n<li>I bagni arabi<\/li>\n<li>Cantine e pub storici dove si pu\u00f2 gustare una grande variet\u00e0 di tapas a base di prodotti locali, ecc<\/li>\n<\/ul>\n","protected":false},"excerpt":{"rendered":"<p>Posizione Solo 1,5 km abbiamo il pi\u00f9 vicino centro di popolazione, pericoli, citt\u00e0 situata a soli 5 km dal pi\u00f9 suggestivi luoghi di Granada Capitale, tra cui: L\u2019Alhambra e il Generalife. L\u2019Albaicin e Sacromonte, La Cattedrale e la Cappella Reale I bagni arabi Cantine e pub storici dove si pu\u00f2 gustare una grande variet\u00e0 di [&hellip;]<\/p>\n","protected":false},"author":1,"featured_media":0,"parent":0,"menu_order":0,"comment_status":"closed","ping_status":"closed","template":"page-servicios.php","meta":{"ngg_post_thumbnail":0,"footnotes":""},"class_list":["post-540","page","type-page","status-publish","hentry"],"_links":{"self":[{"href":"https:\/\/campinggranada.es\/it\/wp-json\/wp\/v2\/pages\/540","targetHints":{"allow":["GET"]}}],"collection":[{"href":"https:\/\/campinggranada.es\/it\/wp-json\/wp\/v2\/pages"}],"about":[{"href":"https:\/\/campinggranada.es\/it\/wp-json\/wp\/v2\/types\/page"}],"author":[{"embeddable":true,"href":"https:\/\/campinggranada.es\/it\/wp-json\/wp\/v2\/users\/1"}],"replies":[{"embeddable":true,"href":"https:\/\/campinggranada.es\/it\/wp-json\/wp\/v2\/comments?post=540"}],"version-history":[{"count":1,"href":"https:\/\/campinggranada.es\/it\/wp-json\/wp\/v2\/pages\/540\/revisions"}],"predecessor-version":[{"id":541,"href":"https:\/\/campinggranada.es\/it\/wp-json\/wp\/v2\/pages\/540\/revisions\/541"}],"wp:attachment":[{"href":"https:\/\/campinggranada.es\/it\/wp-json\/wp\/v2\/media?parent=540"}],"curies":[{"name":"wp","href":"https:\/\/api.w.org\/{rel}","templated":true}]}}