{"id":791,"date":"2015-05-13T09:02:40","date_gmt":"2015-05-13T09:02:40","guid":{"rendered":"http:\/\/campinggranada.es\/politica-de-privacidad\/"},"modified":"2019-04-17T14:32:36","modified_gmt":"2019-04-17T14:32:36","slug":"politica-de-privacidad","status":"publish","type":"page","link":"https:\/\/campinggranada.es\/it\/politica-de-privacidad\/","title":{"rendered":"Pol\u00edtica de Privacidad"},"content":{"rendered":"<p>En cumplimiento de la Ley Org\u00e1nica 15\/1999 de 13 de diciembre, de Protecci\u00f3n de Datos de Car\u00e1cter Personal L.O.P.D., se informa al usuario, art\u00edculo 5 de dicha Ley, que los datos introducidos tanto en los formularios de contacto como en los de consulta de nuestro site se almacenar\u00e1n en ficheros automatizados, propiedad de Camping Granada SL, a los cuales se les dar\u00e1 el tratamiento estipulado por la Ley Org\u00e1nica de Protecci\u00f3n de Datos.<\/p>\n<p>La finalidad para la cual est\u00e1n destinados los formularios de contacto facilitados a lo largo del site, es la posterior puesta en contacto de la entidad con los usuarios que han realizado alg\u00fan tipo de consulta por medio de los mismos.<\/p>\n<p>Los datos personales recogidos en el formulario de registro para poder realizar la consulta son incorporados a la base de datos de Camping Granada SL y se utilizan \u00fanica y exclusivamente para personalizar sus posteriores visitas, para el env\u00edo publicitario y comercial de los productos\/servicios de la empresa, as\u00ed como, para el perfeccionamiento de las relaciones contractuales entre Camping Granada SL y los usuarios interesados en alguno de los productos ofrecidos en el site.<\/p>\n<p>Camping Granada SL es responsable de los ficheros y se compromete a no destinar los datos a una finalidad distinta para la cual fueron recogidos ni a ceder los mismos de forma ileg\u00edtima a terceros. Tambi\u00e9n se compromete a tratar sus datos confidencialmente y a aplicar las medidas de \u00edndole t\u00e9cnica, organizativa y de seguridad necesarias para evitar su tratamiento o acceso no autorizado seg\u00fan establece la normativa vigente en materia de protecci\u00f3n de datos.<\/p>\n<p>La cumplimentaci\u00f3n de los formularios por parte de los usuarios supone que los mismos prestan su consentimiento expreso a la recogida de sus datos por parte de Camping Granada SL, y se dan por informados, sabiendo que sus datos ser\u00e1n almacenados en los ficheros propiedad de dicha empresa.<\/p>\n<p>Los titulares de los datos tienen el derecho de acceso, rectificaci\u00f3n, cancelaci\u00f3n y oposici\u00f3n de sus datos. Para ejercitar estos derechos, los titulares de los datos pueden dirigir una petici\u00f3n escrita por correo postal a las direcciones:<\/p>\n<p align=\"center\">\n    <strong>Camping Granada SL<\/strong><\/p>\n<p align=\"center\">\n    <strong>Paraje Cerro de la Cruz, 18210 Peligros, Granada\u2028<\/strong><\/p>\n<p align=\"center\">\n    <strong>Tel. 958 340 548<\/strong><\/p>\n<p align=\"center\">\n    O bien dirigirse a la direcci\u00f3n de contacto info@campinggranada.es<\/p>\n<p>Los usuarios responder\u00e1n en cualquier caso, de la veracidad de los datos facilitados, reserv\u00e1ndose la Entidad el derecho a excluir de los servicios registrados a todo usuario que haya acilitado datos falsos o err\u00f3neos, sin perjuicio de las dem\u00e1s acciones que procedan en Derecho.<\/p>\n<p>La presente Pol\u00edtica de Privacidad puede ser modificada atendiendo escrupulosamente tanto a posibles cambios legislativos que se produzcan, como a las directrices emanadas de la Agencia Espa\u00f1ola de Protecci\u00f3n de Datos.<\/p>\n<p>Se informa que el sitio Camping Granada SL no est\u00e1 adherido a ning\u00fan c\u00f3digo de conducta, tanto propio como ajeno. En lo sucesivo, esta adhesi\u00f3n podr\u00e1 ser modificada por voluntad propia de Camping Granada SL sin mediar comunicaci\u00f3n expresa por escrito con sus usuarios.<\/p>\n<p>Limitaci\u00f3n de Responsabilidad y garant\u00edas<\/p>\n<p>El Sitio Camping Granada SL se centra en la promoci\u00f3n y venta de los productos ofertados en el mismo.<\/p>\n<p>Camping Granada SL se compromete a respetar la veracidad de los datos, salvo error tipogr\u00e1fico, adecu\u00e1ndolos a la LSSICE y las Leyes Contractuales Vigentes.<\/p>\n<p>Propiedad Intelectual e Industrial<\/p>\n<p>\u2022 El Sitio y los contenidos que alberga Camping Granada SL est\u00e1n protegidos por la legislaci\u00f3n vigente en materia de propiedad intelectual.<\/p>\n<p>\u2022 Se proh\u00edbe expresamente la copia, modificaci\u00f3n, reproducci\u00f3n, descarga, transmisi\u00f3n, distribuci\u00f3n o transformaci\u00f3n de los contenidos de la p\u00e1gina, sin la previa autorizaci\u00f3n del titular de los correspondientes derechos o se encuentre legalmente permitido.<\/p>\n<p>\u2022 El acceso al site no presupone la adquisici\u00f3n por parte de los usuarios de derecho de propiedad sobre los contenidos que figuran en el mismo.<\/p>\n<p>Responsabilidad por el funcionamiento de la p\u00e1gina<\/p>\n<p>Camping Granada SL podr\u00e1, cuando lo considere conveniente, realizar correcciones, mejoras o modificaciones en la informaci\u00f3n contenida en la p\u00e1gina sin que ello de lugar, ni derecho a ninguna reclamaci\u00f3n o indemnizaci\u00f3n, ni implique reconocimiento de responsabilidad alguna.<\/p>\n<p>Camping Granada SL no se hace responsable por los da\u00f1os y perjuicios de cualquier naturaleza que se pudieran derivar de la disponibilidad y continuidad t\u00e9cnica del funcionamiento de la p\u00e1gina.<\/p>\n","protected":false},"excerpt":{"rendered":"<p>En cumplimiento de la Ley Org\u00e1nica 15\/1999 de 13 de diciembre, de Protecci\u00f3n de Datos de Car\u00e1cter Personal L.O.P.D., se informa al usuario, art\u00edculo 5 de dicha Ley, que los datos introducidos tanto en los formularios de contacto como en los de consulta de nuestro site se almacenar\u00e1n en ficheros automatizados, propiedad de Camping Granada [&hellip;]<\/p>\n","protected":false},"author":1,"featured_media":0,"parent":0,"menu_order":0,"comment_status":"open","ping_status":"open","template":"page.php","meta":{"ngg_post_thumbnail":0,"footnotes":""},"class_list":["post-791","page","type-page","status-publish","hentry"],"yoast_head":"<!-- This site is optimized with the Yoast SEO plugin v25.7 - https:\/\/yoast.com\/wordpress\/plugins\/seo\/ -->\n<title>Pol\u00edtica de Privacidad - Camping Granada<\/title>\n<meta name=\"robots\" content=\"index, follow, max-snippet:-1, max-image-preview:large, max-video-preview:-1\" \/>\n<link rel=\"canonical\" href=\"https:\/\/campinggranada.es\/it\/politica-de-privacidad\/\" \/>\n<meta property=\"og:locale\" content=\"it_IT\" \/>\n<meta property=\"og:type\" content=\"article\" \/>\n<meta property=\"og:title\" content=\"Pol\u00edtica de Privacidad - Camping Granada\" \/>\n<meta property=\"og:description\" content=\"En cumplimiento de la Ley Org\u00e1nica 15\/1999 de 13 de diciembre, de Protecci\u00f3n de Datos de Car\u00e1cter Personal L.O.P.D., se informa al usuario, art\u00edculo 5 de dicha Ley, que los datos introducidos tanto en los formularios de contacto como en los de consulta de nuestro site se almacenar\u00e1n en ficheros automatizados, propiedad de Camping Granada [&hellip;]\" \/>\n<meta property=\"og:url\" content=\"https:\/\/campinggranada.es\/it\/politica-de-privacidad\/\" \/>\n<meta property=\"og:site_name\" content=\"Camping Granada\" \/>\n<meta property=\"article:modified_time\" content=\"2019-04-17T14:32:36+00:00\" \/>\n<meta name=\"twitter:card\" content=\"summary_large_image\" \/>\n<meta name=\"twitter:label1\" content=\"Tempo di lettura stimato\" \/>\n\t<meta name=\"twitter:data1\" content=\"4 minuti\" \/>\n<script type=\"application\/ld+json\" class=\"yoast-schema-graph\">{\"@context\":\"https:\/\/schema.org\",\"@graph\":[{\"@type\":\"WebPage\",\"@id\":\"https:\/\/campinggranada.es\/it\/politica-de-privacidad\/\",\"url\":\"https:\/\/campinggranada.es\/it\/politica-de-privacidad\/\",\"name\":\"Pol\u00edtica de Privacidad - Camping Granada\",\"isPartOf\":{\"@id\":\"https:\/\/campinggranada.es\/it\/#website\"},\"datePublished\":\"2015-05-13T09:02:40+00:00\",\"dateModified\":\"2019-04-17T14:32:36+00:00\",\"breadcrumb\":{\"@id\":\"https:\/\/campinggranada.es\/it\/politica-de-privacidad\/#breadcrumb\"},\"inLanguage\":\"it-IT\",\"potentialAction\":[{\"@type\":\"ReadAction\",\"target\":[\"https:\/\/campinggranada.es\/it\/politica-de-privacidad\/\"]}]},{\"@type\":\"BreadcrumbList\",\"@id\":\"https:\/\/campinggranada.es\/it\/politica-de-privacidad\/#breadcrumb\",\"itemListElement\":[{\"@type\":\"ListItem\",\"position\":1,\"name\":\"Portada\",\"item\":\"https:\/\/campinggranada.es\/it\/\"},{\"@type\":\"ListItem\",\"position\":2,\"name\":\"Pol\u00edtica de Privacidad\"}]},{\"@type\":\"WebSite\",\"@id\":\"https:\/\/campinggranada.es\/it\/#website\",\"url\":\"https:\/\/campinggranada.es\/it\/\",\"name\":\"Camping Granada\",\"description\":\"Camping en Granada\",\"publisher\":{\"@id\":\"https:\/\/campinggranada.es\/it\/#organization\"},\"potentialAction\":[{\"@type\":\"SearchAction\",\"target\":{\"@type\":\"EntryPoint\",\"urlTemplate\":\"https:\/\/campinggranada.es\/it\/?s={search_term_string}\"},\"query-input\":{\"@type\":\"PropertyValueSpecification\",\"valueRequired\":true,\"valueName\":\"search_term_string\"}}],\"inLanguage\":\"it-IT\"},{\"@type\":\"Organization\",\"@id\":\"https:\/\/campinggranada.es\/it\/#organization\",\"name\":\"Camping Granada\",\"url\":\"https:\/\/campinggranada.es\/it\/\",\"logo\":{\"@type\":\"ImageObject\",\"inLanguage\":\"it-IT\",\"@id\":\"https:\/\/campinggranada.es\/it\/#\/schema\/logo\/image\/\",\"url\":\"https:\/\/campinggranada.es\/wp-content\/uploads\/2018\/03\/logo-login.png\",\"contentUrl\":\"https:\/\/campinggranada.es\/wp-content\/uploads\/2018\/03\/logo-login.png\",\"width\":613,\"height\":613,\"caption\":\"Camping Granada\"},\"image\":{\"@id\":\"https:\/\/campinggranada.es\/it\/#\/schema\/logo\/image\/\"}}]}<\/script>\n<!-- \/ Yoast SEO plugin. -->","yoast_head_json":{"title":"Pol\u00edtica de Privacidad - Camping Granada","robots":{"index":"index","follow":"follow","max-snippet":"max-snippet:-1","max-image-preview":"max-image-preview:large","max-video-preview":"max-video-preview:-1"},"canonical":"https:\/\/campinggranada.es\/it\/politica-de-privacidad\/","og_locale":"it_IT","og_type":"article","og_title":"Pol\u00edtica de Privacidad - Camping Granada","og_description":"En cumplimiento de la Ley Org\u00e1nica 15\/1999 de 13 de diciembre, de Protecci\u00f3n de Datos de Car\u00e1cter Personal L.O.P.D., se informa al usuario, art\u00edculo 5 de dicha Ley, que los datos introducidos tanto en los formularios de contacto como en los de consulta de nuestro site se almacenar\u00e1n en ficheros automatizados, propiedad de Camping Granada [&hellip;]","og_url":"https:\/\/campinggranada.es\/it\/politica-de-privacidad\/","og_site_name":"Camping Granada","article_modified_time":"2019-04-17T14:32:36+00:00","twitter_card":"summary_large_image","twitter_misc":{"Tempo di lettura stimato":"4 minuti"},"schema":{"@context":"https:\/\/schema.org","@graph":[{"@type":"WebPage","@id":"https:\/\/campinggranada.es\/it\/politica-de-privacidad\/","url":"https:\/\/campinggranada.es\/it\/politica-de-privacidad\/","name":"Pol\u00edtica de Privacidad - Camping Granada","isPartOf":{"@id":"https:\/\/campinggranada.es\/it\/#website"},"datePublished":"2015-05-13T09:02:40+00:00","dateModified":"2019-04-17T14:32:36+00:00","breadcrumb":{"@id":"https:\/\/campinggranada.es\/it\/politica-de-privacidad\/#breadcrumb"},"inLanguage":"it-IT","potentialAction":[{"@type":"ReadAction","target":["https:\/\/campinggranada.es\/it\/politica-de-privacidad\/"]}]},{"@type":"BreadcrumbList","@id":"https:\/\/campinggranada.es\/it\/politica-de-privacidad\/#breadcrumb","itemListElement":[{"@type":"ListItem","position":1,"name":"Portada","item":"https:\/\/campinggranada.es\/it\/"},{"@type":"ListItem","position":2,"name":"Pol\u00edtica de Privacidad"}]},{"@type":"WebSite","@id":"https:\/\/campinggranada.es\/it\/#website","url":"https:\/\/campinggranada.es\/it\/","name":"Camping Granada","description":"Camping en Granada","publisher":{"@id":"https:\/\/campinggranada.es\/it\/#organization"},"potentialAction":[{"@type":"SearchAction","target":{"@type":"EntryPoint","urlTemplate":"https:\/\/campinggranada.es\/it\/?s={search_term_string}"},"query-input":{"@type":"PropertyValueSpecification","valueRequired":true,"valueName":"search_term_string"}}],"inLanguage":"it-IT"},{"@type":"Organization","@id":"https:\/\/campinggranada.es\/it\/#organization","name":"Camping Granada","url":"https:\/\/campinggranada.es\/it\/","logo":{"@type":"ImageObject","inLanguage":"it-IT","@id":"https:\/\/campinggranada.es\/it\/#\/schema\/logo\/image\/","url":"https:\/\/campinggranada.es\/wp-content\/uploads\/2018\/03\/logo-login.png","contentUrl":"https:\/\/campinggranada.es\/wp-content\/uploads\/2018\/03\/logo-login.png","width":613,"height":613,"caption":"Camping Granada"},"image":{"@id":"https:\/\/campinggranada.es\/it\/#\/schema\/logo\/image\/"}}]}},"_links":{"self":[{"href":"https:\/\/campinggranada.es\/it\/wp-json\/wp\/v2\/pages\/791","targetHints":{"allow":["GET"]}}],"collection":[{"href":"https:\/\/campinggranada.es\/it\/wp-json\/wp\/v2\/pages"}],"about":[{"href":"https:\/\/campinggranada.es\/it\/wp-json\/wp\/v2\/types\/page"}],"author":[{"embeddable":true,"href":"https:\/\/campinggranada.es\/it\/wp-json\/wp\/v2\/users\/1"}],"replies":[{"embeddable":true,"href":"https:\/\/campinggranada.es\/it\/wp-json\/wp\/v2\/comments?post=791"}],"version-history":[{"count":2,"href":"https:\/\/campinggranada.es\/it\/wp-json\/wp\/v2\/pages\/791\/revisions"}],"predecessor-version":[{"id":1362,"href":"https:\/\/campinggranada.es\/it\/wp-json\/wp\/v2\/pages\/791\/revisions\/1362"}],"wp:attachment":[{"href":"https:\/\/campinggranada.es\/it\/wp-json\/wp\/v2\/media?parent=791"}],"curies":[{"name":"wp","href":"https:\/\/api.w.org\/{rel}","templated":true}]}}